{"id":1413,"date":"2025-05-31T16:39:36","date_gmt":"2025-05-31T16:39:36","guid":{"rendered":"https:\/\/alternativetrack.com\/informazioni\/"},"modified":"2025-11-13T05:59:41","modified_gmt":"2025-11-13T05:59:41","slug":"informazioni","status":"publish","type":"page","link":"https:\/\/alternativetrack.com\/it\/informazioni\/","title":{"rendered":"Informazioni"},"content":{"rendered":"\t\t<div data-elementor-type=\"wp-post\" data-elementor-id=\"1413\" class=\"elementor elementor-1413 elementor-7\" data-elementor-post-type=\"page\">\n\t\t\t\t<div class=\"elementor-element elementor-element-168a67d e-flex e-con-boxed e-con e-parent\" data-id=\"168a67d\" data-element_type=\"container\" data-e-type=\"container\" data-settings=\"{&quot;background_background&quot;:&quot;classic&quot;}\">\n\t\t\t\t\t<div class=\"e-con-inner\">\n\t\t\t\t<div class=\"elementor-element elementor-element-f9c8696 elementor-widget elementor-widget-spacer\" data-id=\"f9c8696\" data-element_type=\"widget\" data-e-type=\"widget\" data-widget_type=\"spacer.default\">\n\t\t\t\t<div class=\"elementor-widget-container\">\n\t\t\t\t\t\t\t<div class=\"elementor-spacer\">\n\t\t\t<div class=\"elementor-spacer-inner\"><\/div>\n\t\t<\/div>\n\t\t\t\t\t\t<\/div>\n\t\t\t\t<\/div>\n\t\t\t\t<div class=\"elementor-element elementor-element-154fa04 elementor-widget elementor-widget-heading\" data-id=\"154fa04\" data-element_type=\"widget\" data-e-type=\"widget\" data-widget_type=\"heading.default\">\n\t\t\t\t<div class=\"elementor-widget-container\">\n\t\t\t\t\t<h2 class=\"elementor-heading-title elementor-size-default\">LO CAPIAMO. CI SIAMO PASSATI.<\/h2>\t\t\t\t<\/div>\n\t\t\t\t<\/div>\n\t\t\t\t<div class=\"elementor-element elementor-element-bb4a1a6 elementor-widget elementor-widget-spacer\" data-id=\"bb4a1a6\" data-element_type=\"widget\" data-e-type=\"widget\" data-widget_type=\"spacer.default\">\n\t\t\t\t<div class=\"elementor-widget-container\">\n\t\t\t\t\t\t\t<div class=\"elementor-spacer\">\n\t\t\t<div class=\"elementor-spacer-inner\"><\/div>\n\t\t<\/div>\n\t\t\t\t\t\t<\/div>\n\t\t\t\t<\/div>\n\t\t\t\t\t<\/div>\n\t\t\t\t<\/div>\n\t\t<div class=\"elementor-element elementor-element-65d5ca6 e-flex e-con-boxed e-con e-parent\" data-id=\"65d5ca6\" data-element_type=\"container\" data-e-type=\"container\">\n\t\t\t\t\t<div class=\"e-con-inner\">\n\t\t\t\t\t<\/div>\n\t\t\t\t<\/div>\n\t\t<div class=\"elementor-element elementor-element-3531977 e-flex e-con-boxed e-con e-parent\" data-id=\"3531977\" data-element_type=\"container\" data-e-type=\"container\">\n\t\t\t\t\t<div class=\"e-con-inner\">\n\t\t\t\t<div class=\"elementor-element elementor-element-e22ce79 elementor-widget elementor-widget-spacer\" data-id=\"e22ce79\" data-element_type=\"widget\" data-e-type=\"widget\" data-widget_type=\"spacer.default\">\n\t\t\t\t<div class=\"elementor-widget-container\">\n\t\t\t\t\t\t\t<div class=\"elementor-spacer\">\n\t\t\t<div class=\"elementor-spacer-inner\"><\/div>\n\t\t<\/div>\n\t\t\t\t\t\t<\/div>\n\t\t\t\t<\/div>\n\t\t\t\t\t<\/div>\n\t\t\t\t<\/div>\n\t\t<div class=\"elementor-element elementor-element-a86de1c e-flex e-con-boxed e-con e-parent\" data-id=\"a86de1c\" data-element_type=\"container\" data-e-type=\"container\">\n\t\t\t\t\t<div class=\"e-con-inner\">\n\t\t<div class=\"elementor-element elementor-element-35cc471 e-con-full e-flex e-con e-child\" data-id=\"35cc471\" data-element_type=\"container\" data-e-type=\"container\">\n\t\t\t\t<div class=\"elementor-element elementor-element-8270a6e elementor-widget elementor-widget-heading\" data-id=\"8270a6e\" data-element_type=\"widget\" data-e-type=\"widget\" data-widget_type=\"heading.default\">\n\t\t\t\t<div class=\"elementor-widget-container\">\n\t\t\t\t\t<h6 class=\"elementor-heading-title elementor-size-default\">IL NOSTRO APPROCCIO<\/h6>\t\t\t\t<\/div>\n\t\t\t\t<\/div>\n\t\t\t\t<div class=\"elementor-element elementor-element-a1bf714 elementor-widget elementor-widget-heading\" data-id=\"a1bf714\" data-element_type=\"widget\" data-e-type=\"widget\" data-widget_type=\"heading.default\">\n\t\t\t\t<div class=\"elementor-widget-container\">\n\t\t\t\t\t<h2 class=\"elementor-heading-title elementor-size-default\">PRESENZA SUL CAMPO<\/h2>\t\t\t\t<\/div>\n\t\t\t\t<\/div>\n\t\t\t\t<div class=\"elementor-element elementor-element-5879f51 elementor-widget elementor-widget-text-editor\" data-id=\"5879f51\" data-element_type=\"widget\" data-e-type=\"widget\" data-widget_type=\"text-editor.default\">\n\t\t\t\t<div class=\"elementor-widget-container\">\n\t\t\t\t\t\t\t\t\t<p>Noi di Alternative Track comprendiamo le frustrazioni che derivano da sistemi sovra-ingegnerizzati, fornitori rigidi e soluzioni inadeguate alle condizioni reali. Le abbiamo vissute anche noi \u2014 e ci siamo prefissi di offrire qualcosa di meglio.<\/p><p>Siamo ingegneri esperti e specialisti di prodotto, dedicati al settore della trazione. Il nostro team vanta decenni di esperienza pratica nello sviluppo di soluzioni per batterie e ricarica che privilegiano affidabilit\u00e0, semplicit\u00e0 e prestazioni su misura.<\/p><p>Il nostro obiettivo non \u00e8 solo fornire hardware \u2014 ma costruire partnership a lungo termine. Apprezziamo i clienti che crescono con noi, che offrono feedback, mettono in discussione le ipotesi e ci aiutano a migliorare a ogni iterazione.<\/p><p>Ci concentriamo su ci\u00f2 che conta: risolvere problemi reali senza complessit\u00e0 inutili. Crediamo nell&#8217;innovazione pratica \u2014 un&#8217;ingegneria che si adatta all&#8217;applicazione, invece di sovraccaricarla.<\/p><p>Alternative Track \u00e8 il vostro partner nel fare le cose in modo diverso. Non siamo qui per seguire il solito percorso del settore. Siamo qui per offrirne uno migliore.<\/p>\t\t\t\t\t\t\t\t<\/div>\n\t\t\t\t<\/div>\n\t\t\t\t<\/div>\n\t\t<div class=\"elementor-element elementor-element-4089c62 e-con-full e-flex e-con e-child\" data-id=\"4089c62\" data-element_type=\"container\" data-e-type=\"container\">\n\t\t\t\t<div class=\"elementor-element elementor-element-fae82b7 elementor-widget elementor-widget-image\" data-id=\"fae82b7\" data-element_type=\"widget\" data-e-type=\"widget\" data-widget_type=\"image.default\">\n\t\t\t\t<div class=\"elementor-widget-container\">\n\t\t\t\t\t\t\t\t\t\t\t\t\t\t\t<img loading=\"lazy\" decoding=\"async\" loading=\"lazy\" width=\"768\" height=\"1024\" src=\"https:\/\/i0.wp.com\/alternativetrack.com\/wp-content\/uploads\/2025\/11\/IMG_9989-scaled-e1763009942883.webp?fit=768%2C1024&amp;ssl=1\" class=\"attachment-medium_large size-medium_large wp-image-2902\" alt=\"\" \/>\t\t\t\t\t\t\t\t\t\t\t\t\t\t\t<\/div>\n\t\t\t\t<\/div>\n\t\t\t\t<\/div>\n\t\t\t\t\t<\/div>\n\t\t\t\t<\/div>\n\t\t<div class=\"elementor-element elementor-element-9b2c3b5 e-flex e-con-boxed e-con e-parent\" data-id=\"9b2c3b5\" data-element_type=\"container\" data-e-type=\"container\">\n\t\t\t\t\t<div class=\"e-con-inner\">\n\t\t\t\t<div class=\"elementor-element elementor-element-e44ef09 elementor-widget elementor-widget-spacer\" data-id=\"e44ef09\" data-element_type=\"widget\" data-e-type=\"widget\" data-widget_type=\"spacer.default\">\n\t\t\t\t<div class=\"elementor-widget-container\">\n\t\t\t\t\t\t\t<div class=\"elementor-spacer\">\n\t\t\t<div class=\"elementor-spacer-inner\"><\/div>\n\t\t<\/div>\n\t\t\t\t\t\t<\/div>\n\t\t\t\t<\/div>\n\t\t\t\t\t<\/div>\n\t\t\t\t<\/div>\n\t\t<div class=\"elementor-element elementor-element-ee342c0 e-flex e-con-boxed e-con e-parent\" data-id=\"ee342c0\" data-element_type=\"container\" data-e-type=\"container\">\n\t\t\t\t\t<div class=\"e-con-inner\">\n\t\t<div class=\"elementor-element elementor-element-1edfcf3 e-con-full e-flex e-con e-child\" data-id=\"1edfcf3\" data-element_type=\"container\" data-e-type=\"container\">\n\t\t\t\t<div class=\"elementor-element elementor-element-2d04773 elementor-widget elementor-widget-image\" data-id=\"2d04773\" data-element_type=\"widget\" data-e-type=\"widget\" data-widget_type=\"image.default\">\n\t\t\t\t<div class=\"elementor-widget-container\">\n\t\t\t\t\t\t\t\t\t\t\t\t\t\t\t<img loading=\"lazy\" decoding=\"async\" loading=\"lazy\" width=\"768\" height=\"576\" src=\"https:\/\/i0.wp.com\/alternativetrack.com\/wp-content\/uploads\/2025\/11\/IMG_0035_60.jpg?fit=768%2C576&amp;ssl=1\" class=\"attachment-medium_large size-medium_large wp-image-2932\" alt=\"\" srcset=\"https:\/\/i0.wp.com\/alternativetrack.com\/wp-content\/uploads\/2025\/11\/IMG_0035_60.jpg?w=2419&amp;ssl=1 2419w, https:\/\/i0.wp.com\/alternativetrack.com\/wp-content\/uploads\/2025\/11\/IMG_0035_60.jpg?resize=300%2C225&amp;ssl=1 300w, https:\/\/i0.wp.com\/alternativetrack.com\/wp-content\/uploads\/2025\/11\/IMG_0035_60.jpg?resize=1024%2C768&amp;ssl=1 1024w, https:\/\/i0.wp.com\/alternativetrack.com\/wp-content\/uploads\/2025\/11\/IMG_0035_60.jpg?resize=768%2C576&amp;ssl=1 768w, https:\/\/i0.wp.com\/alternativetrack.com\/wp-content\/uploads\/2025\/11\/IMG_0035_60.jpg?resize=1536%2C1152&amp;ssl=1 1536w, https:\/\/i0.wp.com\/alternativetrack.com\/wp-content\/uploads\/2025\/11\/IMG_0035_60.jpg?resize=2048%2C1536&amp;ssl=1 2048w, https:\/\/i0.wp.com\/alternativetrack.com\/wp-content\/uploads\/2025\/11\/IMG_0035_60.jpg?w=1600&amp;ssl=1 1600w\" sizes=\"auto, (max-width: 768px) 100vw, 768px\" \/>\t\t\t\t\t\t\t\t\t\t\t\t\t\t\t<\/div>\n\t\t\t\t<\/div>\n\t\t\t\t<\/div>\n\t\t<div class=\"elementor-element elementor-element-d514e94 e-con-full e-flex e-con e-child\" data-id=\"d514e94\" data-element_type=\"container\" data-e-type=\"container\">\n\t\t\t\t<div class=\"elementor-element elementor-element-1e8bed9 elementor-widget elementor-widget-heading\" data-id=\"1e8bed9\" data-element_type=\"widget\" data-e-type=\"widget\" data-widget_type=\"heading.default\">\n\t\t\t\t<div class=\"elementor-widget-container\">\n\t\t\t\t\t<h6 class=\"elementor-heading-title elementor-size-default\">IL FEEDBACK E IL CONTRIBUTO CI RENDONO MIGLIORI<\/h6>\t\t\t\t<\/div>\n\t\t\t\t<\/div>\n\t\t\t\t<div class=\"elementor-element elementor-element-240f900 elementor-widget elementor-widget-heading\" data-id=\"240f900\" data-element_type=\"widget\" data-e-type=\"widget\" data-widget_type=\"heading.default\">\n\t\t\t\t<div class=\"elementor-widget-container\">\n\t\t\t\t\t<h2 class=\"elementor-heading-title elementor-size-default\">SUPPORTO AI PARTNER<\/h2>\t\t\t\t<\/div>\n\t\t\t\t<\/div>\n\t\t\t\t<div class=\"elementor-element elementor-element-a08f080 elementor-widget elementor-widget-text-editor\" data-id=\"a08f080\" data-element_type=\"widget\" data-e-type=\"widget\" data-widget_type=\"text-editor.default\">\n\t\t\t\t<div class=\"elementor-widget-container\">\n\t\t\t\t\t\t\t\t\t<p>Trattiamo tutti i nostri partner allo stesso modo \u2014 con attenzione ai dettagli e alta priorit\u00e0.&nbsp; Il vostro problema \u00e8 il nostro problema e il nostro successo dipende dal vostro.&nbsp; Tenendo presente questo, il nostro successo \u00e8 dovuto alla costruzione di partnership a lungo termine e alla fornitura di valore che valorizza le loro attivit\u00e0 commerciali.&nbsp; Identifichiamo le sfide aziendali odierne nella gestione delle batterie delle flotte e forniamo loro soluzioni.<\/p>\t\t\t\t\t\t\t\t<\/div>\n\t\t\t\t<\/div>\n\t\t\t\t<\/div>\n\t\t\t\t\t<\/div>\n\t\t\t\t<\/div>\n\t\t<div class=\"elementor-element elementor-element-e272a77 e-flex e-con-boxed e-con e-parent\" data-id=\"e272a77\" data-element_type=\"container\" data-e-type=\"container\">\n\t\t\t\t\t<div class=\"e-con-inner\">\n\t\t\t\t<div class=\"elementor-element elementor-element-9309592 elementor-widget elementor-widget-spacer\" data-id=\"9309592\" data-element_type=\"widget\" data-e-type=\"widget\" data-widget_type=\"spacer.default\">\n\t\t\t\t<div class=\"elementor-widget-container\">\n\t\t\t\t\t\t\t<div class=\"elementor-spacer\">\n\t\t\t<div class=\"elementor-spacer-inner\"><\/div>\n\t\t<\/div>\n\t\t\t\t\t\t<\/div>\n\t\t\t\t<\/div>\n\t\t\t\t\t<\/div>\n\t\t\t\t<\/div>\n\t\t<div class=\"elementor-element elementor-element-806a795 e-flex e-con-boxed e-con e-parent\" data-id=\"806a795\" data-element_type=\"container\" data-e-type=\"container\">\n\t\t\t\t\t<div class=\"e-con-inner\">\n\t\t<div class=\"elementor-element elementor-element-3c0c680 e-con-full e-flex e-con e-child\" data-id=\"3c0c680\" data-element_type=\"container\" data-e-type=\"container\">\n\t\t\t\t<div class=\"elementor-element elementor-element-c9077fb elementor-widget elementor-widget-heading\" data-id=\"c9077fb\" data-element_type=\"widget\" data-e-type=\"widget\" data-widget_type=\"heading.default\">\n\t\t\t\t<div class=\"elementor-widget-container\">\n\t\t\t\t\t<h6 class=\"elementor-heading-title elementor-size-default\">INGEGNERI E SPECIALISTI DI CARICABATTERIE E BATTERIE<\/h6>\t\t\t\t<\/div>\n\t\t\t\t<\/div>\n\t\t\t\t<div class=\"elementor-element elementor-element-8d8d027 elementor-widget elementor-widget-heading\" data-id=\"8d8d027\" data-element_type=\"widget\" data-e-type=\"widget\" data-widget_type=\"heading.default\">\n\t\t\t\t<div class=\"elementor-widget-container\">\n\t\t\t\t\t<h2 class=\"elementor-heading-title elementor-size-default\">RETE GLOBALE DI COMUNIT\u00c0<\/h2>\t\t\t\t<\/div>\n\t\t\t\t<\/div>\n\t\t\t\t<div class=\"elementor-element elementor-element-fc1498d elementor-widget elementor-widget-text-editor\" data-id=\"fc1498d\" data-element_type=\"widget\" data-e-type=\"widget\" data-widget_type=\"text-editor.default\">\n\t\t\t\t<div class=\"elementor-widget-container\">\n\t\t\t\t\t\t\t\t\t<p>Lavoriamo con distributori, OEM, partner di caricabatterie e batterie in tutto il mondo.&nbsp; La nostra rete globale di partner ci consente di essere all&#8217;avanguardia nelle sfide industriali e ci offre l&#8217;opportunit\u00e0 di attingere all&#8217;esperienza di tutto il mondo.&nbsp; Crediamo che le sfide si risolvano al meglio con uno sforzo di squadra e che la collaborazione indiretta tramite una base di conoscenza globale di esperienza pratica sulle batterie industriali consenta di raggiungere tale obiettivo.<\/p>\t\t\t\t\t\t\t\t<\/div>\n\t\t\t\t<\/div>\n\t\t\t\t<div class=\"elementor-element elementor-element-4534f4a elementor-widget elementor-widget-button\" data-id=\"4534f4a\" data-element_type=\"widget\" data-e-type=\"widget\" data-widget_type=\"button.default\">\n\t\t\t\t<div class=\"elementor-widget-container\">\n\t\t\t\t\t\t\t\t\t<div class=\"elementor-button-wrapper\">\n\t\t\t\t\t<a class=\"elementor-button elementor-button-link elementor-size-sm\" href=\"https:\/\/alternativetrack.com\/it\/contatti\/\">\n\t\t\t\t\t\t<span class=\"elementor-button-content-wrapper\">\n\t\t\t\t\t\t\t\t\t<span class=\"elementor-button-text\">Collabora con noi<\/span>\n\t\t\t\t\t<\/span>\n\t\t\t\t\t<\/a>\n\t\t\t\t<\/div>\n\t\t\t\t\t\t\t\t<\/div>\n\t\t\t\t<\/div>\n\t\t\t\t<\/div>\n\t\t<div class=\"elementor-element elementor-element-26a9fda e-con-full e-flex e-con e-child\" data-id=\"26a9fda\" data-element_type=\"container\" data-e-type=\"container\">\n\t\t\t\t<div class=\"elementor-element elementor-element-14a261d elementor-widget elementor-widget-image\" data-id=\"14a261d\" data-element_type=\"widget\" data-e-type=\"widget\" data-widget_type=\"image.default\">\n\t\t\t\t<div class=\"elementor-widget-container\">\n\t\t\t\t\t\t\t\t\t\t\t\t\t\t\t<img decoding=\"async\" loading=\"lazy\" src=\"https:\/\/i0.wp.com\/alternativetrack.com\/wp-content\/uploads\/2025\/11\/IMG_0042_60.jpg?fit=1024%2C1024&amp;ssl=1\" class=\"attachment-large size-large wp-image-2944\" alt=\"\" \/>\t\t\t\t\t\t\t\t\t\t\t\t\t\t\t<\/div>\n\t\t\t\t<\/div>\n\t\t\t\t<\/div>\n\t\t\t\t\t<\/div>\n\t\t\t\t<\/div>\n\t\t<div class=\"elementor-element elementor-element-dd1699e e-flex e-con-boxed e-con e-parent\" data-id=\"dd1699e\" data-element_type=\"container\" data-e-type=\"container\">\n\t\t\t\t\t<div class=\"e-con-inner\">\n\t\t\t\t<div class=\"elementor-element elementor-element-783cfe7 elementor-widget elementor-widget-spacer\" data-id=\"783cfe7\" data-element_type=\"widget\" data-e-type=\"widget\" data-widget_type=\"spacer.default\">\n\t\t\t\t<div class=\"elementor-widget-container\">\n\t\t\t\t\t\t\t<div class=\"elementor-spacer\">\n\t\t\t<div class=\"elementor-spacer-inner\"><\/div>\n\t\t<\/div>\n\t\t\t\t\t\t<\/div>\n\t\t\t\t<\/div>\n\t\t\t\t\t<\/div>\n\t\t\t\t<\/div>\n\t\t\t\t<\/div>\n\t\t","protected":false},"excerpt":{"rendered":"<p>LO CAPIAMO. CI SIAMO PASSATI. IL NOSTRO APPROCCIO PRESENZA SUL CAMPO Noi di Alternative Track comprendiamo le frustrazioni che derivano da sistemi sovra-ingegnerizzati, fornitori rigidi e soluzioni inadeguate alle condizioni reali. Le abbiamo vissute anche noi \u2014 e ci siamo prefissi di offrire qualcosa di meglio. Siamo ingegneri esperti e specialisti di prodotto, dedicati al [&hellip;]<\/p>\n","protected":false},"author":1,"featured_media":0,"parent":0,"menu_order":0,"comment_status":"closed","ping_status":"closed","template":"","meta":{"nf_dc_page":"","_monsterinsights_skip_tracking":false,"_monsterinsights_sitenote_active":false,"_monsterinsights_sitenote_note":"","_monsterinsights_sitenote_category":0,"footnotes":""},"class_list":["post-1413","page","type-page","status-publish","hentry"],"yoast_head":"<!-- This site is optimized with the Yoast SEO plugin v27.4 - https:\/\/yoast.com\/product\/yoast-seo-wordpress\/ -->\n<title>Informazioni - Alternative Track<\/title>\n<meta name=\"robots\" content=\"index, follow, max-snippet:-1, max-image-preview:large, max-video-preview:-1\" \/>\n<link rel=\"canonical\" href=\"https:\/\/alternativetrack.com\/it\/informazioni\/\" \/>\n<meta property=\"og:locale\" content=\"it_IT\" \/>\n<meta property=\"og:type\" content=\"article\" \/>\n<meta property=\"og:title\" content=\"Informazioni - Alternative Track\" \/>\n<meta property=\"og:description\" content=\"LO CAPIAMO. CI SIAMO PASSATI. IL NOSTRO APPROCCIO PRESENZA SUL CAMPO Noi di Alternative Track comprendiamo le frustrazioni che derivano da sistemi sovra-ingegnerizzati, fornitori rigidi e soluzioni inadeguate alle condizioni reali. Le abbiamo vissute anche noi \u2014 e ci siamo prefissi di offrire qualcosa di meglio. Siamo ingegneri esperti e specialisti di prodotto, dedicati al [&hellip;]\" \/>\n<meta property=\"og:url\" content=\"https:\/\/alternativetrack.com\/it\/informazioni\/\" \/>\n<meta property=\"og:site_name\" content=\"Alternative Track\" \/>\n<meta property=\"article:modified_time\" content=\"2025-11-13T05:59:41+00:00\" \/>\n<meta property=\"og:image\" content=\"https:\/\/alternativetrack.com\/wp-content\/uploads\/2025\/11\/IMG_9989-scaled-e1763009942883-768x882.webp\" \/>\n<meta name=\"twitter:card\" content=\"summary_large_image\" \/>\n<meta name=\"twitter:label1\" content=\"Tempo di lettura stimato\" \/>\n\t<meta name=\"twitter:data1\" content=\"2 minuti\" \/>\n<script type=\"application\/ld+json\" class=\"yoast-schema-graph\">{\"@context\":\"https:\\\/\\\/schema.org\",\"@graph\":[{\"@type\":\"WebPage\",\"@id\":\"https:\\\/\\\/alternativetrack.com\\\/it\\\/informazioni\\\/\",\"url\":\"https:\\\/\\\/alternativetrack.com\\\/it\\\/informazioni\\\/\",\"name\":\"Informazioni - Alternative Track\",\"isPartOf\":{\"@id\":\"https:\\\/\\\/alternativetrack.com\\\/it\\\/#website\"},\"primaryImageOfPage\":{\"@id\":\"https:\\\/\\\/alternativetrack.com\\\/it\\\/informazioni\\\/#primaryimage\"},\"image\":{\"@id\":\"https:\\\/\\\/alternativetrack.com\\\/it\\\/informazioni\\\/#primaryimage\"},\"thumbnailUrl\":\"https:\\\/\\\/alternativetrack.com\\\/wp-content\\\/uploads\\\/2025\\\/11\\\/IMG_9989-scaled-e1763009942883-768x882.webp\",\"datePublished\":\"2025-05-31T16:39:36+00:00\",\"dateModified\":\"2025-11-13T05:59:41+00:00\",\"breadcrumb\":{\"@id\":\"https:\\\/\\\/alternativetrack.com\\\/it\\\/informazioni\\\/#breadcrumb\"},\"inLanguage\":\"it-IT\",\"potentialAction\":[{\"@type\":\"ReadAction\",\"target\":[\"https:\\\/\\\/alternativetrack.com\\\/it\\\/informazioni\\\/\"]}]},{\"@type\":\"ImageObject\",\"inLanguage\":\"it-IT\",\"@id\":\"https:\\\/\\\/alternativetrack.com\\\/it\\\/informazioni\\\/#primaryimage\",\"url\":\"https:\\\/\\\/alternativetrack.com\\\/wp-content\\\/uploads\\\/2025\\\/11\\\/IMG_9989-scaled-e1763009942883-768x882.webp\",\"contentUrl\":\"https:\\\/\\\/alternativetrack.com\\\/wp-content\\\/uploads\\\/2025\\\/11\\\/IMG_9989-scaled-e1763009942883-768x882.webp\"},{\"@type\":\"BreadcrumbList\",\"@id\":\"https:\\\/\\\/alternativetrack.com\\\/it\\\/informazioni\\\/#breadcrumb\",\"itemListElement\":[{\"@type\":\"ListItem\",\"position\":1,\"name\":\"Home\",\"item\":\"https:\\\/\\\/alternativetrack.com\\\/it\\\/\"},{\"@type\":\"ListItem\",\"position\":2,\"name\":\"Informazioni\"}]},{\"@type\":\"WebSite\",\"@id\":\"https:\\\/\\\/alternativetrack.com\\\/it\\\/#website\",\"url\":\"https:\\\/\\\/alternativetrack.com\\\/it\\\/\",\"name\":\"Alternative Track\",\"description\":\"\",\"potentialAction\":[{\"@type\":\"SearchAction\",\"target\":{\"@type\":\"EntryPoint\",\"urlTemplate\":\"https:\\\/\\\/alternativetrack.com\\\/it\\\/?s={search_term_string}\"},\"query-input\":{\"@type\":\"PropertyValueSpecification\",\"valueRequired\":true,\"valueName\":\"search_term_string\"}}],\"inLanguage\":\"it-IT\"}]}<\/script>\n<!-- \/ Yoast SEO plugin. -->","yoast_head_json":{"title":"Informazioni - Alternative Track","robots":{"index":"index","follow":"follow","max-snippet":"max-snippet:-1","max-image-preview":"max-image-preview:large","max-video-preview":"max-video-preview:-1"},"canonical":"https:\/\/alternativetrack.com\/it\/informazioni\/","og_locale":"it_IT","og_type":"article","og_title":"Informazioni - Alternative Track","og_description":"LO CAPIAMO. CI SIAMO PASSATI. IL NOSTRO APPROCCIO PRESENZA SUL CAMPO Noi di Alternative Track comprendiamo le frustrazioni che derivano da sistemi sovra-ingegnerizzati, fornitori rigidi e soluzioni inadeguate alle condizioni reali. Le abbiamo vissute anche noi \u2014 e ci siamo prefissi di offrire qualcosa di meglio. Siamo ingegneri esperti e specialisti di prodotto, dedicati al [&hellip;]","og_url":"https:\/\/alternativetrack.com\/it\/informazioni\/","og_site_name":"Alternative Track","article_modified_time":"2025-11-13T05:59:41+00:00","og_image":[{"url":"https:\/\/alternativetrack.com\/wp-content\/uploads\/2025\/11\/IMG_9989-scaled-e1763009942883-768x882.webp","type":"","width":"","height":""}],"twitter_card":"summary_large_image","twitter_misc":{"Tempo di lettura stimato":"2 minuti"},"schema":{"@context":"https:\/\/schema.org","@graph":[{"@type":"WebPage","@id":"https:\/\/alternativetrack.com\/it\/informazioni\/","url":"https:\/\/alternativetrack.com\/it\/informazioni\/","name":"Informazioni - Alternative Track","isPartOf":{"@id":"https:\/\/alternativetrack.com\/it\/#website"},"primaryImageOfPage":{"@id":"https:\/\/alternativetrack.com\/it\/informazioni\/#primaryimage"},"image":{"@id":"https:\/\/alternativetrack.com\/it\/informazioni\/#primaryimage"},"thumbnailUrl":"https:\/\/alternativetrack.com\/wp-content\/uploads\/2025\/11\/IMG_9989-scaled-e1763009942883-768x882.webp","datePublished":"2025-05-31T16:39:36+00:00","dateModified":"2025-11-13T05:59:41+00:00","breadcrumb":{"@id":"https:\/\/alternativetrack.com\/it\/informazioni\/#breadcrumb"},"inLanguage":"it-IT","potentialAction":[{"@type":"ReadAction","target":["https:\/\/alternativetrack.com\/it\/informazioni\/"]}]},{"@type":"ImageObject","inLanguage":"it-IT","@id":"https:\/\/alternativetrack.com\/it\/informazioni\/#primaryimage","url":"https:\/\/alternativetrack.com\/wp-content\/uploads\/2025\/11\/IMG_9989-scaled-e1763009942883-768x882.webp","contentUrl":"https:\/\/alternativetrack.com\/wp-content\/uploads\/2025\/11\/IMG_9989-scaled-e1763009942883-768x882.webp"},{"@type":"BreadcrumbList","@id":"https:\/\/alternativetrack.com\/it\/informazioni\/#breadcrumb","itemListElement":[{"@type":"ListItem","position":1,"name":"Home","item":"https:\/\/alternativetrack.com\/it\/"},{"@type":"ListItem","position":2,"name":"Informazioni"}]},{"@type":"WebSite","@id":"https:\/\/alternativetrack.com\/it\/#website","url":"https:\/\/alternativetrack.com\/it\/","name":"Alternative Track","description":"","potentialAction":[{"@type":"SearchAction","target":{"@type":"EntryPoint","urlTemplate":"https:\/\/alternativetrack.com\/it\/?s={search_term_string}"},"query-input":{"@type":"PropertyValueSpecification","valueRequired":true,"valueName":"search_term_string"}}],"inLanguage":"it-IT"}]}},"jetpack_sharing_enabled":true,"_links":{"self":[{"href":"https:\/\/alternativetrack.com\/it\/wp-json\/wp\/v2\/pages\/1413","targetHints":{"allow":["GET"]}}],"collection":[{"href":"https:\/\/alternativetrack.com\/it\/wp-json\/wp\/v2\/pages"}],"about":[{"href":"https:\/\/alternativetrack.com\/it\/wp-json\/wp\/v2\/types\/page"}],"author":[{"embeddable":true,"href":"https:\/\/alternativetrack.com\/it\/wp-json\/wp\/v2\/users\/1"}],"replies":[{"embeddable":true,"href":"https:\/\/alternativetrack.com\/it\/wp-json\/wp\/v2\/comments?post=1413"}],"version-history":[{"count":8,"href":"https:\/\/alternativetrack.com\/it\/wp-json\/wp\/v2\/pages\/1413\/revisions"}],"predecessor-version":[{"id":3027,"href":"https:\/\/alternativetrack.com\/it\/wp-json\/wp\/v2\/pages\/1413\/revisions\/3027"}],"wp:attachment":[{"href":"https:\/\/alternativetrack.com\/it\/wp-json\/wp\/v2\/media?parent=1413"}],"curies":[{"name":"wp","href":"https:\/\/api.w.org\/{rel}","templated":true}]}}