{"id":2233,"date":"2025-05-31T16:39:36","date_gmt":"2025-05-31T16:39:36","guid":{"rendered":"https:\/\/alternativetrack.com\/a-propos\/"},"modified":"2025-11-13T05:59:41","modified_gmt":"2025-11-13T05:59:41","slug":"a-propos","status":"publish","type":"page","link":"https:\/\/alternativetrack.com\/fr\/a-propos\/","title":{"rendered":"\u00c0 propos"},"content":{"rendered":"\t\t<div data-elementor-type=\"wp-post\" data-elementor-id=\"2233\" class=\"elementor elementor-2233 elementor-7\" data-elementor-post-type=\"page\">\n\t\t\t\t<div class=\"elementor-element elementor-element-168a67d e-flex e-con-boxed e-con e-parent\" data-id=\"168a67d\" data-element_type=\"container\" data-e-type=\"container\" data-settings=\"{&quot;background_background&quot;:&quot;classic&quot;}\">\n\t\t\t\t\t<div class=\"e-con-inner\">\n\t\t\t\t<div class=\"elementor-element elementor-element-f9c8696 elementor-widget elementor-widget-spacer\" data-id=\"f9c8696\" data-element_type=\"widget\" data-e-type=\"widget\" data-widget_type=\"spacer.default\">\n\t\t\t\t<div class=\"elementor-widget-container\">\n\t\t\t\t\t\t\t<div class=\"elementor-spacer\">\n\t\t\t<div class=\"elementor-spacer-inner\"><\/div>\n\t\t<\/div>\n\t\t\t\t\t\t<\/div>\n\t\t\t\t<\/div>\n\t\t\t\t<div class=\"elementor-element elementor-element-154fa04 elementor-widget elementor-widget-heading\" data-id=\"154fa04\" data-element_type=\"widget\" data-e-type=\"widget\" data-widget_type=\"heading.default\">\n\t\t\t\t<div class=\"elementor-widget-container\">\n\t\t\t\t\t<h2 class=\"elementor-heading-title elementor-size-default\">NOUS COMPRENONS. NOUS L'AVONS V\u00c9CU. <\/h2>\t\t\t\t<\/div>\n\t\t\t\t<\/div>\n\t\t\t\t<div class=\"elementor-element elementor-element-bb4a1a6 elementor-widget elementor-widget-spacer\" data-id=\"bb4a1a6\" data-element_type=\"widget\" data-e-type=\"widget\" data-widget_type=\"spacer.default\">\n\t\t\t\t<div class=\"elementor-widget-container\">\n\t\t\t\t\t\t\t<div class=\"elementor-spacer\">\n\t\t\t<div class=\"elementor-spacer-inner\"><\/div>\n\t\t<\/div>\n\t\t\t\t\t\t<\/div>\n\t\t\t\t<\/div>\n\t\t\t\t\t<\/div>\n\t\t\t\t<\/div>\n\t\t<div class=\"elementor-element elementor-element-65d5ca6 e-flex e-con-boxed e-con e-parent\" data-id=\"65d5ca6\" data-element_type=\"container\" data-e-type=\"container\">\n\t\t\t\t\t<div class=\"e-con-inner\">\n\t\t\t\t\t<\/div>\n\t\t\t\t<\/div>\n\t\t<div class=\"elementor-element elementor-element-3531977 e-flex e-con-boxed e-con e-parent\" data-id=\"3531977\" data-element_type=\"container\" data-e-type=\"container\">\n\t\t\t\t\t<div class=\"e-con-inner\">\n\t\t\t\t<div class=\"elementor-element elementor-element-e22ce79 elementor-widget elementor-widget-spacer\" data-id=\"e22ce79\" data-element_type=\"widget\" data-e-type=\"widget\" data-widget_type=\"spacer.default\">\n\t\t\t\t<div class=\"elementor-widget-container\">\n\t\t\t\t\t\t\t<div class=\"elementor-spacer\">\n\t\t\t<div class=\"elementor-spacer-inner\"><\/div>\n\t\t<\/div>\n\t\t\t\t\t\t<\/div>\n\t\t\t\t<\/div>\n\t\t\t\t\t<\/div>\n\t\t\t\t<\/div>\n\t\t<div class=\"elementor-element elementor-element-a86de1c e-flex e-con-boxed e-con e-parent\" data-id=\"a86de1c\" data-element_type=\"container\" data-e-type=\"container\">\n\t\t\t\t\t<div class=\"e-con-inner\">\n\t\t<div class=\"elementor-element elementor-element-35cc471 e-con-full e-flex e-con e-child\" data-id=\"35cc471\" data-element_type=\"container\" data-e-type=\"container\">\n\t\t\t\t<div class=\"elementor-element elementor-element-8270a6e elementor-widget elementor-widget-heading\" data-id=\"8270a6e\" data-element_type=\"widget\" data-e-type=\"widget\" data-widget_type=\"heading.default\">\n\t\t\t\t<div class=\"elementor-widget-container\">\n\t\t\t\t\t<h6 class=\"elementor-heading-title elementor-size-default\">NOTRE APPROCHE<\/h6>\t\t\t\t<\/div>\n\t\t\t\t<\/div>\n\t\t\t\t<div class=\"elementor-element elementor-element-a1bf714 elementor-widget elementor-widget-heading\" data-id=\"a1bf714\" data-element_type=\"widget\" data-e-type=\"widget\" data-widget_type=\"heading.default\">\n\t\t\t\t<div class=\"elementor-widget-container\">\n\t\t\t\t\t<h2 class=\"elementor-heading-title elementor-size-default\">SUR LE TERRAIN<\/h2>\t\t\t\t<\/div>\n\t\t\t\t<\/div>\n\t\t\t\t<div class=\"elementor-element elementor-element-5879f51 elementor-widget elementor-widget-text-editor\" data-id=\"5879f51\" data-element_type=\"widget\" data-e-type=\"widget\" data-widget_type=\"text-editor.default\">\n\t\t\t\t<div class=\"elementor-widget-container\">\n\t\t\t\t\t\t\t\t\t<p>Chez Alternative Track, nous comprenons les frustrations li\u00e9es aux syst\u00e8mes sur-ing\u00e9ni\u00e9r\u00e9s, aux fournisseurs rigides et aux solutions qui ne r\u00e9pondent pas aux exigences des conditions r\u00e9elles. Nous les avons \u00e9galement v\u00e9cues \u2014 et nous nous sommes engag\u00e9s \u00e0 offrir quelque chose de meilleur. <\/p><p>Nous sommes des ing\u00e9nieurs exp\u00e9riment\u00e9s et des experts en produits, d\u00e9di\u00e9s \u00e0 l&#8217;industrie de l&#8217;\u00e9nergie motrice. Notre \u00e9quipe apporte des d\u00e9cennies d&#8217;exp\u00e9rience pratique dans le d\u00e9veloppement de solutions de batteries et de charge qui privil\u00e9gient la fiabilit\u00e9, la simplicit\u00e9 et la performance adapt\u00e9e \u00e0 l&#8217;usage. <\/p><p>Notre objectif n&#8217;est pas seulement de fournir du mat\u00e9riel, mais de construire des partenariats \u00e0 long terme. Nous valorisons les clients qui \u00e9voluent avec nous, qui offrent des retours, remettent en question les hypoth\u00e8ses et nous aident \u00e0 nous am\u00e9liorer \u00e0 chaque it\u00e9ration. <\/p><p>Nous nous concentrons sur l&#8217;essentiel : r\u00e9soudre de vrais probl\u00e8mes sans complexit\u00e9 inutile. Nous croyons en l&#8217;innovation pratique \u2014 une ing\u00e9nierie qui r\u00e9pond aux besoins de l&#8217;application, au lieu de la surcharger. <\/p><p>Alternative Track est votre partenaire pour faire les choses diff\u00e9remment. Nous ne sommes pas l\u00e0 pour suivre le chemin habituel de l&#8217;industrie. Nous sommes l\u00e0 pour en offrir un meilleur.  <\/p>\t\t\t\t\t\t\t\t<\/div>\n\t\t\t\t<\/div>\n\t\t\t\t<\/div>\n\t\t<div class=\"elementor-element elementor-element-4089c62 e-con-full e-flex e-con e-child\" data-id=\"4089c62\" data-element_type=\"container\" data-e-type=\"container\">\n\t\t\t\t<div class=\"elementor-element elementor-element-fae82b7 elementor-widget elementor-widget-image\" data-id=\"fae82b7\" data-element_type=\"widget\" data-e-type=\"widget\" data-widget_type=\"image.default\">\n\t\t\t\t<div class=\"elementor-widget-container\">\n\t\t\t\t\t\t\t\t\t\t\t\t\t\t\t<img loading=\"lazy\" decoding=\"async\" loading=\"lazy\" width=\"768\" height=\"1024\" src=\"https:\/\/i0.wp.com\/alternativetrack.com\/wp-content\/uploads\/2025\/11\/IMG_9989-scaled-e1763009942883.webp?fit=768%2C1024&amp;ssl=1\" class=\"attachment-medium_large size-medium_large wp-image-2900\" alt=\"\" \/>\t\t\t\t\t\t\t\t\t\t\t\t\t\t\t<\/div>\n\t\t\t\t<\/div>\n\t\t\t\t<\/div>\n\t\t\t\t\t<\/div>\n\t\t\t\t<\/div>\n\t\t<div class=\"elementor-element elementor-element-9b2c3b5 e-flex e-con-boxed e-con e-parent\" data-id=\"9b2c3b5\" data-element_type=\"container\" data-e-type=\"container\">\n\t\t\t\t\t<div class=\"e-con-inner\">\n\t\t\t\t<div class=\"elementor-element elementor-element-e44ef09 elementor-widget elementor-widget-spacer\" data-id=\"e44ef09\" data-element_type=\"widget\" data-e-type=\"widget\" data-widget_type=\"spacer.default\">\n\t\t\t\t<div class=\"elementor-widget-container\">\n\t\t\t\t\t\t\t<div class=\"elementor-spacer\">\n\t\t\t<div class=\"elementor-spacer-inner\"><\/div>\n\t\t<\/div>\n\t\t\t\t\t\t<\/div>\n\t\t\t\t<\/div>\n\t\t\t\t\t<\/div>\n\t\t\t\t<\/div>\n\t\t<div class=\"elementor-element elementor-element-ee342c0 e-flex e-con-boxed e-con e-parent\" data-id=\"ee342c0\" data-element_type=\"container\" data-e-type=\"container\">\n\t\t\t\t\t<div class=\"e-con-inner\">\n\t\t<div class=\"elementor-element elementor-element-1edfcf3 e-con-full e-flex e-con e-child\" data-id=\"1edfcf3\" data-element_type=\"container\" data-e-type=\"container\">\n\t\t\t\t<div class=\"elementor-element elementor-element-2d04773 elementor-widget elementor-widget-image\" data-id=\"2d04773\" data-element_type=\"widget\" data-e-type=\"widget\" data-widget_type=\"image.default\">\n\t\t\t\t<div class=\"elementor-widget-container\">\n\t\t\t\t\t\t\t\t\t\t\t\t\t\t\t<img loading=\"lazy\" decoding=\"async\" loading=\"lazy\" width=\"768\" height=\"576\" src=\"https:\/\/i0.wp.com\/alternativetrack.com\/wp-content\/uploads\/2025\/11\/IMG_0035_60.jpg?fit=768%2C576&amp;ssl=1\" class=\"attachment-medium_large size-medium_large wp-image-2930\" alt=\"\" srcset=\"https:\/\/i0.wp.com\/alternativetrack.com\/wp-content\/uploads\/2025\/11\/IMG_0035_60.jpg?w=2419&amp;ssl=1 2419w, https:\/\/i0.wp.com\/alternativetrack.com\/wp-content\/uploads\/2025\/11\/IMG_0035_60.jpg?resize=300%2C225&amp;ssl=1 300w, https:\/\/i0.wp.com\/alternativetrack.com\/wp-content\/uploads\/2025\/11\/IMG_0035_60.jpg?resize=1024%2C768&amp;ssl=1 1024w, https:\/\/i0.wp.com\/alternativetrack.com\/wp-content\/uploads\/2025\/11\/IMG_0035_60.jpg?resize=768%2C576&amp;ssl=1 768w, https:\/\/i0.wp.com\/alternativetrack.com\/wp-content\/uploads\/2025\/11\/IMG_0035_60.jpg?resize=1536%2C1152&amp;ssl=1 1536w, https:\/\/i0.wp.com\/alternativetrack.com\/wp-content\/uploads\/2025\/11\/IMG_0035_60.jpg?resize=2048%2C1536&amp;ssl=1 2048w, https:\/\/i0.wp.com\/alternativetrack.com\/wp-content\/uploads\/2025\/11\/IMG_0035_60.jpg?w=1600&amp;ssl=1 1600w\" sizes=\"auto, (max-width: 768px) 100vw, 768px\" \/>\t\t\t\t\t\t\t\t\t\t\t\t\t\t\t<\/div>\n\t\t\t\t<\/div>\n\t\t\t\t<\/div>\n\t\t<div class=\"elementor-element elementor-element-d514e94 e-con-full e-flex e-con e-child\" data-id=\"d514e94\" data-element_type=\"container\" data-e-type=\"container\">\n\t\t\t\t<div class=\"elementor-element elementor-element-1e8bed9 elementor-widget elementor-widget-heading\" data-id=\"1e8bed9\" data-element_type=\"widget\" data-e-type=\"widget\" data-widget_type=\"heading.default\">\n\t\t\t\t<div class=\"elementor-widget-container\">\n\t\t\t\t\t<h6 class=\"elementor-heading-title elementor-size-default\">LES RETOURS ET LES CONTRIBUTIONS NOUS RENDENT MEILLEURS<\/h6>\t\t\t\t<\/div>\n\t\t\t\t<\/div>\n\t\t\t\t<div class=\"elementor-element elementor-element-240f900 elementor-widget elementor-widget-heading\" data-id=\"240f900\" data-element_type=\"widget\" data-e-type=\"widget\" data-widget_type=\"heading.default\">\n\t\t\t\t<div class=\"elementor-widget-container\">\n\t\t\t\t\t<h2 class=\"elementor-heading-title elementor-size-default\">SOUTIEN AUX PARTENAIRES<\/h2>\t\t\t\t<\/div>\n\t\t\t\t<\/div>\n\t\t\t\t<div class=\"elementor-element elementor-element-a08f080 elementor-widget elementor-widget-text-editor\" data-id=\"a08f080\" data-element_type=\"widget\" data-e-type=\"widget\" data-widget_type=\"text-editor.default\">\n\t\t\t\t<div class=\"elementor-widget-container\">\n\t\t\t\t\t\t\t\t\t<p>Nous traitons tous nos partenaires de la m\u00eame mani\u00e8re &#8212; avec attention aux d\u00e9tails et haute priorit\u00e9.&nbsp; Votre probl\u00e8me est notre probl\u00e8me et nous r\u00e9ussissons quand vous r\u00e9ussissez.&nbsp; Dans cette optique, notre succ\u00e8s a \u00e9t\u00e9 attribu\u00e9 \u00e0 la construction de partenariats \u00e0 long terme et \u00e0 la fourniture de valeur am\u00e9liorant leurs op\u00e9rations commerciales.&nbsp; Nous identifions les d\u00e9fis commerciaux actuels li\u00e9s \u00e0 la gestion des flottes de batteries et proposons des solutions adapt\u00e9es.<\/p>\t\t\t\t\t\t\t\t<\/div>\n\t\t\t\t<\/div>\n\t\t\t\t<\/div>\n\t\t\t\t\t<\/div>\n\t\t\t\t<\/div>\n\t\t<div class=\"elementor-element elementor-element-e272a77 e-flex e-con-boxed e-con e-parent\" data-id=\"e272a77\" data-element_type=\"container\" data-e-type=\"container\">\n\t\t\t\t\t<div class=\"e-con-inner\">\n\t\t\t\t<div class=\"elementor-element elementor-element-9309592 elementor-widget elementor-widget-spacer\" data-id=\"9309592\" data-element_type=\"widget\" data-e-type=\"widget\" data-widget_type=\"spacer.default\">\n\t\t\t\t<div class=\"elementor-widget-container\">\n\t\t\t\t\t\t\t<div class=\"elementor-spacer\">\n\t\t\t<div class=\"elementor-spacer-inner\"><\/div>\n\t\t<\/div>\n\t\t\t\t\t\t<\/div>\n\t\t\t\t<\/div>\n\t\t\t\t\t<\/div>\n\t\t\t\t<\/div>\n\t\t<div class=\"elementor-element elementor-element-806a795 e-flex e-con-boxed e-con e-parent\" data-id=\"806a795\" data-element_type=\"container\" data-e-type=\"container\">\n\t\t\t\t\t<div class=\"e-con-inner\">\n\t\t<div class=\"elementor-element elementor-element-3c0c680 e-con-full e-flex e-con e-child\" data-id=\"3c0c680\" data-element_type=\"container\" data-e-type=\"container\">\n\t\t\t\t<div class=\"elementor-element elementor-element-c9077fb elementor-widget elementor-widget-heading\" data-id=\"c9077fb\" data-element_type=\"widget\" data-e-type=\"widget\" data-widget_type=\"heading.default\">\n\t\t\t\t<div class=\"elementor-widget-container\">\n\t\t\t\t\t<h6 class=\"elementor-heading-title elementor-size-default\">ING\u00c9NIEURS ET EXPERTS EN CHARGEURS ET BATTERIES<\/h6>\t\t\t\t<\/div>\n\t\t\t\t<\/div>\n\t\t\t\t<div class=\"elementor-element elementor-element-8d8d027 elementor-widget elementor-widget-heading\" data-id=\"8d8d027\" data-element_type=\"widget\" data-e-type=\"widget\" data-widget_type=\"heading.default\">\n\t\t\t\t<div class=\"elementor-widget-container\">\n\t\t\t\t\t<h2 class=\"elementor-heading-title elementor-size-default\">R\u00c9SEAU COMMUNAUTAIRE MONDIAL<\/h2>\t\t\t\t<\/div>\n\t\t\t\t<\/div>\n\t\t\t\t<div class=\"elementor-element elementor-element-fc1498d elementor-widget elementor-widget-text-editor\" data-id=\"fc1498d\" data-element_type=\"widget\" data-e-type=\"widget\" data-widget_type=\"text-editor.default\">\n\t\t\t\t<div class=\"elementor-widget-container\">\n\t\t\t\t\t\t\t\t\t<p>Nous travaillons avec des distributeurs, des OEM, des partenaires de chargeurs et de batteries dans le monde entier.&nbsp; Notre r\u00e9seau mondial de partenaires nous permet d&#8217;\u00eatre \u00e0 l&#8217;avant-garde des d\u00e9fis industriels et nous offre l&#8217;opportunit\u00e9 de tirer parti de l&#8217;exp\u00e9rience du monde entier.&nbsp; Nous croyons que les d\u00e9fis sont mieux r\u00e9solus par un effort d&#8217;\u00e9quipe et que la collaboration indirecte via une base de connaissances mondiale d&#8217;exp\u00e9rience pratique en mati\u00e8re de batteries industrielles permet d&#8217;atteindre cet objectif.<\/p>\t\t\t\t\t\t\t\t<\/div>\n\t\t\t\t<\/div>\n\t\t\t\t<div class=\"elementor-element elementor-element-4534f4a elementor-widget elementor-widget-button\" data-id=\"4534f4a\" data-element_type=\"widget\" data-e-type=\"widget\" data-widget_type=\"button.default\">\n\t\t\t\t<div class=\"elementor-widget-container\">\n\t\t\t\t\t\t\t\t\t<div class=\"elementor-button-wrapper\">\n\t\t\t\t\t<a class=\"elementor-button elementor-button-link elementor-size-sm\" href=\"https:\/\/alternativetrack.com\/fr\/contact\/\">\n\t\t\t\t\t\t<span class=\"elementor-button-content-wrapper\">\n\t\t\t\t\t\t\t\t\t<span class=\"elementor-button-text\">Devenez notre partenaire<\/span>\n\t\t\t\t\t<\/span>\n\t\t\t\t\t<\/a>\n\t\t\t\t<\/div>\n\t\t\t\t\t\t\t\t<\/div>\n\t\t\t\t<\/div>\n\t\t\t\t<\/div>\n\t\t<div class=\"elementor-element elementor-element-26a9fda e-con-full e-flex e-con e-child\" data-id=\"26a9fda\" data-element_type=\"container\" data-e-type=\"container\">\n\t\t\t\t<div class=\"elementor-element elementor-element-14a261d elementor-widget elementor-widget-image\" data-id=\"14a261d\" data-element_type=\"widget\" data-e-type=\"widget\" data-widget_type=\"image.default\">\n\t\t\t\t<div class=\"elementor-widget-container\">\n\t\t\t\t\t\t\t\t\t\t\t\t\t\t\t<img decoding=\"async\" loading=\"lazy\" src=\"https:\/\/i0.wp.com\/alternativetrack.com\/wp-content\/uploads\/2025\/11\/IMG_0042_60.jpg?fit=1024%2C1024&amp;ssl=1\" class=\"attachment-large size-large wp-image-2942\" alt=\"\" \/>\t\t\t\t\t\t\t\t\t\t\t\t\t\t\t<\/div>\n\t\t\t\t<\/div>\n\t\t\t\t<\/div>\n\t\t\t\t\t<\/div>\n\t\t\t\t<\/div>\n\t\t<div class=\"elementor-element elementor-element-dd1699e e-flex e-con-boxed e-con e-parent\" data-id=\"dd1699e\" data-element_type=\"container\" data-e-type=\"container\">\n\t\t\t\t\t<div class=\"e-con-inner\">\n\t\t\t\t<div class=\"elementor-element elementor-element-783cfe7 elementor-widget elementor-widget-spacer\" data-id=\"783cfe7\" data-element_type=\"widget\" data-e-type=\"widget\" data-widget_type=\"spacer.default\">\n\t\t\t\t<div class=\"elementor-widget-container\">\n\t\t\t\t\t\t\t<div class=\"elementor-spacer\">\n\t\t\t<div class=\"elementor-spacer-inner\"><\/div>\n\t\t<\/div>\n\t\t\t\t\t\t<\/div>\n\t\t\t\t<\/div>\n\t\t\t\t\t<\/div>\n\t\t\t\t<\/div>\n\t\t\t\t<\/div>\n\t\t","protected":false},"excerpt":{"rendered":"<p>NOUS COMPRENONS. NOUS L&#8217;AVONS V\u00c9CU. NOTRE APPROCHE SUR LE TERRAIN Chez Alternative Track, nous comprenons les frustrations li\u00e9es aux syst\u00e8mes sur-ing\u00e9ni\u00e9r\u00e9s, aux fournisseurs rigides et aux solutions qui ne r\u00e9pondent pas aux exigences des conditions r\u00e9elles. Nous les avons \u00e9galement v\u00e9cues \u2014 et nous nous sommes engag\u00e9s \u00e0 offrir quelque chose de meilleur. Nous sommes [&hellip;]<\/p>\n","protected":false},"author":1,"featured_media":0,"parent":0,"menu_order":0,"comment_status":"closed","ping_status":"closed","template":"","meta":{"nf_dc_page":"","_monsterinsights_skip_tracking":false,"_monsterinsights_sitenote_active":false,"_monsterinsights_sitenote_note":"","_monsterinsights_sitenote_category":0,"footnotes":""},"class_list":["post-2233","page","type-page","status-publish","hentry"],"yoast_head":"<!-- This site is optimized with the Yoast SEO plugin v27.4 - https:\/\/yoast.com\/product\/yoast-seo-wordpress\/ -->\n<title>\u00c0 propos - Alternative Track<\/title>\n<meta name=\"robots\" content=\"index, follow, max-snippet:-1, max-image-preview:large, max-video-preview:-1\" \/>\n<link rel=\"canonical\" href=\"https:\/\/alternativetrack.com\/fr\/a-propos\/\" \/>\n<meta property=\"og:locale\" content=\"fr_FR\" \/>\n<meta property=\"og:type\" content=\"article\" \/>\n<meta property=\"og:title\" content=\"\u00c0 propos - Alternative Track\" \/>\n<meta property=\"og:description\" content=\"NOUS COMPRENONS. NOUS L&#8217;AVONS V\u00c9CU. NOTRE APPROCHE SUR LE TERRAIN Chez Alternative Track, nous comprenons les frustrations li\u00e9es aux syst\u00e8mes sur-ing\u00e9ni\u00e9r\u00e9s, aux fournisseurs rigides et aux solutions qui ne r\u00e9pondent pas aux exigences des conditions r\u00e9elles. Nous les avons \u00e9galement v\u00e9cues \u2014 et nous nous sommes engag\u00e9s \u00e0 offrir quelque chose de meilleur. Nous sommes [&hellip;]\" \/>\n<meta property=\"og:url\" content=\"https:\/\/alternativetrack.com\/fr\/a-propos\/\" \/>\n<meta property=\"og:site_name\" content=\"Alternative Track\" \/>\n<meta property=\"article:modified_time\" content=\"2025-11-13T05:59:41+00:00\" \/>\n<meta property=\"og:image\" content=\"https:\/\/alternativetrack.com\/wp-content\/uploads\/2025\/11\/IMG_9989-scaled-e1763009942883-768x882.webp\" \/>\n<meta name=\"twitter:card\" content=\"summary_large_image\" \/>\n<meta name=\"twitter:label1\" content=\"Dur\u00e9e de lecture estim\u00e9e\" \/>\n\t<meta name=\"twitter:data1\" content=\"2 minutes\" \/>\n<script type=\"application\/ld+json\" class=\"yoast-schema-graph\">{\"@context\":\"https:\\\/\\\/schema.org\",\"@graph\":[{\"@type\":\"WebPage\",\"@id\":\"https:\\\/\\\/alternativetrack.com\\\/fr\\\/a-propos\\\/\",\"url\":\"https:\\\/\\\/alternativetrack.com\\\/fr\\\/a-propos\\\/\",\"name\":\"\u00c0 propos - Alternative Track\",\"isPartOf\":{\"@id\":\"https:\\\/\\\/alternativetrack.com\\\/fr\\\/#website\"},\"primaryImageOfPage\":{\"@id\":\"https:\\\/\\\/alternativetrack.com\\\/fr\\\/a-propos\\\/#primaryimage\"},\"image\":{\"@id\":\"https:\\\/\\\/alternativetrack.com\\\/fr\\\/a-propos\\\/#primaryimage\"},\"thumbnailUrl\":\"https:\\\/\\\/alternativetrack.com\\\/wp-content\\\/uploads\\\/2025\\\/11\\\/IMG_9989-scaled-e1763009942883-768x882.webp\",\"datePublished\":\"2025-05-31T16:39:36+00:00\",\"dateModified\":\"2025-11-13T05:59:41+00:00\",\"breadcrumb\":{\"@id\":\"https:\\\/\\\/alternativetrack.com\\\/fr\\\/a-propos\\\/#breadcrumb\"},\"inLanguage\":\"fr-FR\",\"potentialAction\":[{\"@type\":\"ReadAction\",\"target\":[\"https:\\\/\\\/alternativetrack.com\\\/fr\\\/a-propos\\\/\"]}]},{\"@type\":\"ImageObject\",\"inLanguage\":\"fr-FR\",\"@id\":\"https:\\\/\\\/alternativetrack.com\\\/fr\\\/a-propos\\\/#primaryimage\",\"url\":\"https:\\\/\\\/alternativetrack.com\\\/wp-content\\\/uploads\\\/2025\\\/11\\\/IMG_9989-scaled-e1763009942883-768x882.webp\",\"contentUrl\":\"https:\\\/\\\/alternativetrack.com\\\/wp-content\\\/uploads\\\/2025\\\/11\\\/IMG_9989-scaled-e1763009942883-768x882.webp\"},{\"@type\":\"BreadcrumbList\",\"@id\":\"https:\\\/\\\/alternativetrack.com\\\/fr\\\/a-propos\\\/#breadcrumb\",\"itemListElement\":[{\"@type\":\"ListItem\",\"position\":1,\"name\":\"Home\",\"item\":\"https:\\\/\\\/alternativetrack.com\\\/fr\\\/accueil\\\/\"},{\"@type\":\"ListItem\",\"position\":2,\"name\":\"\u00c0 propos\"}]},{\"@type\":\"WebSite\",\"@id\":\"https:\\\/\\\/alternativetrack.com\\\/fr\\\/#website\",\"url\":\"https:\\\/\\\/alternativetrack.com\\\/fr\\\/\",\"name\":\"Alternative Track\",\"description\":\"\",\"potentialAction\":[{\"@type\":\"SearchAction\",\"target\":{\"@type\":\"EntryPoint\",\"urlTemplate\":\"https:\\\/\\\/alternativetrack.com\\\/fr\\\/?s={search_term_string}\"},\"query-input\":{\"@type\":\"PropertyValueSpecification\",\"valueRequired\":true,\"valueName\":\"search_term_string\"}}],\"inLanguage\":\"fr-FR\"}]}<\/script>\n<!-- \/ Yoast SEO plugin. -->","yoast_head_json":{"title":"\u00c0 propos - Alternative Track","robots":{"index":"index","follow":"follow","max-snippet":"max-snippet:-1","max-image-preview":"max-image-preview:large","max-video-preview":"max-video-preview:-1"},"canonical":"https:\/\/alternativetrack.com\/fr\/a-propos\/","og_locale":"fr_FR","og_type":"article","og_title":"\u00c0 propos - Alternative Track","og_description":"NOUS COMPRENONS. NOUS L&#8217;AVONS V\u00c9CU. NOTRE APPROCHE SUR LE TERRAIN Chez Alternative Track, nous comprenons les frustrations li\u00e9es aux syst\u00e8mes sur-ing\u00e9ni\u00e9r\u00e9s, aux fournisseurs rigides et aux solutions qui ne r\u00e9pondent pas aux exigences des conditions r\u00e9elles. Nous les avons \u00e9galement v\u00e9cues \u2014 et nous nous sommes engag\u00e9s \u00e0 offrir quelque chose de meilleur. Nous sommes [&hellip;]","og_url":"https:\/\/alternativetrack.com\/fr\/a-propos\/","og_site_name":"Alternative Track","article_modified_time":"2025-11-13T05:59:41+00:00","og_image":[{"url":"https:\/\/alternativetrack.com\/wp-content\/uploads\/2025\/11\/IMG_9989-scaled-e1763009942883-768x882.webp","type":"","width":"","height":""}],"twitter_card":"summary_large_image","twitter_misc":{"Dur\u00e9e de lecture estim\u00e9e":"2 minutes"},"schema":{"@context":"https:\/\/schema.org","@graph":[{"@type":"WebPage","@id":"https:\/\/alternativetrack.com\/fr\/a-propos\/","url":"https:\/\/alternativetrack.com\/fr\/a-propos\/","name":"\u00c0 propos - Alternative Track","isPartOf":{"@id":"https:\/\/alternativetrack.com\/fr\/#website"},"primaryImageOfPage":{"@id":"https:\/\/alternativetrack.com\/fr\/a-propos\/#primaryimage"},"image":{"@id":"https:\/\/alternativetrack.com\/fr\/a-propos\/#primaryimage"},"thumbnailUrl":"https:\/\/alternativetrack.com\/wp-content\/uploads\/2025\/11\/IMG_9989-scaled-e1763009942883-768x882.webp","datePublished":"2025-05-31T16:39:36+00:00","dateModified":"2025-11-13T05:59:41+00:00","breadcrumb":{"@id":"https:\/\/alternativetrack.com\/fr\/a-propos\/#breadcrumb"},"inLanguage":"fr-FR","potentialAction":[{"@type":"ReadAction","target":["https:\/\/alternativetrack.com\/fr\/a-propos\/"]}]},{"@type":"ImageObject","inLanguage":"fr-FR","@id":"https:\/\/alternativetrack.com\/fr\/a-propos\/#primaryimage","url":"https:\/\/alternativetrack.com\/wp-content\/uploads\/2025\/11\/IMG_9989-scaled-e1763009942883-768x882.webp","contentUrl":"https:\/\/alternativetrack.com\/wp-content\/uploads\/2025\/11\/IMG_9989-scaled-e1763009942883-768x882.webp"},{"@type":"BreadcrumbList","@id":"https:\/\/alternativetrack.com\/fr\/a-propos\/#breadcrumb","itemListElement":[{"@type":"ListItem","position":1,"name":"Home","item":"https:\/\/alternativetrack.com\/fr\/accueil\/"},{"@type":"ListItem","position":2,"name":"\u00c0 propos"}]},{"@type":"WebSite","@id":"https:\/\/alternativetrack.com\/fr\/#website","url":"https:\/\/alternativetrack.com\/fr\/","name":"Alternative Track","description":"","potentialAction":[{"@type":"SearchAction","target":{"@type":"EntryPoint","urlTemplate":"https:\/\/alternativetrack.com\/fr\/?s={search_term_string}"},"query-input":{"@type":"PropertyValueSpecification","valueRequired":true,"valueName":"search_term_string"}}],"inLanguage":"fr-FR"}]}},"jetpack_sharing_enabled":true,"_links":{"self":[{"href":"https:\/\/alternativetrack.com\/fr\/wp-json\/wp\/v2\/pages\/2233","targetHints":{"allow":["GET"]}}],"collection":[{"href":"https:\/\/alternativetrack.com\/fr\/wp-json\/wp\/v2\/pages"}],"about":[{"href":"https:\/\/alternativetrack.com\/fr\/wp-json\/wp\/v2\/types\/page"}],"author":[{"embeddable":true,"href":"https:\/\/alternativetrack.com\/fr\/wp-json\/wp\/v2\/users\/1"}],"replies":[{"embeddable":true,"href":"https:\/\/alternativetrack.com\/fr\/wp-json\/wp\/v2\/comments?post=2233"}],"version-history":[{"count":8,"href":"https:\/\/alternativetrack.com\/fr\/wp-json\/wp\/v2\/pages\/2233\/revisions"}],"predecessor-version":[{"id":3026,"href":"https:\/\/alternativetrack.com\/fr\/wp-json\/wp\/v2\/pages\/2233\/revisions\/3026"}],"wp:attachment":[{"href":"https:\/\/alternativetrack.com\/fr\/wp-json\/wp\/v2\/media?parent=2233"}],"curies":[{"name":"wp","href":"https:\/\/api.w.org\/{rel}","templated":true}]}}