{"id":2147,"date":"2025-05-31T16:39:36","date_gmt":"2025-05-31T16:39:36","guid":{"rendered":"https:\/\/alternativetrack.com\/acerca-de\/"},"modified":"2025-11-13T05:59:40","modified_gmt":"2025-11-13T05:59:40","slug":"acerca-de","status":"publish","type":"page","link":"https:\/\/alternativetrack.com\/es\/acerca-de\/","title":{"rendered":"Acerca de"},"content":{"rendered":"\t\t<div data-elementor-type=\"wp-post\" data-elementor-id=\"2147\" class=\"elementor elementor-2147 elementor-7\" data-elementor-post-type=\"page\">\n\t\t\t\t<div class=\"elementor-element elementor-element-168a67d e-flex e-con-boxed e-con e-parent\" data-id=\"168a67d\" data-element_type=\"container\" data-e-type=\"container\" data-settings=\"{&quot;background_background&quot;:&quot;classic&quot;}\">\n\t\t\t\t\t<div class=\"e-con-inner\">\n\t\t\t\t<div class=\"elementor-element elementor-element-f9c8696 elementor-widget elementor-widget-spacer\" data-id=\"f9c8696\" data-element_type=\"widget\" data-e-type=\"widget\" data-widget_type=\"spacer.default\">\n\t\t\t\t<div class=\"elementor-widget-container\">\n\t\t\t\t\t\t\t<div class=\"elementor-spacer\">\n\t\t\t<div class=\"elementor-spacer-inner\"><\/div>\n\t\t<\/div>\n\t\t\t\t\t\t<\/div>\n\t\t\t\t<\/div>\n\t\t\t\t<div class=\"elementor-element elementor-element-154fa04 elementor-widget elementor-widget-heading\" data-id=\"154fa04\" data-element_type=\"widget\" data-e-type=\"widget\" data-widget_type=\"heading.default\">\n\t\t\t\t<div class=\"elementor-widget-container\">\n\t\t\t\t\t<h2 class=\"elementor-heading-title elementor-size-default\">LO ENTENDEMOS. NOSOTROS TAMBI\u00c9N HEMOS PASADO POR ESO. <\/h2>\t\t\t\t<\/div>\n\t\t\t\t<\/div>\n\t\t\t\t<div class=\"elementor-element elementor-element-bb4a1a6 elementor-widget elementor-widget-spacer\" data-id=\"bb4a1a6\" data-element_type=\"widget\" data-e-type=\"widget\" data-widget_type=\"spacer.default\">\n\t\t\t\t<div class=\"elementor-widget-container\">\n\t\t\t\t\t\t\t<div class=\"elementor-spacer\">\n\t\t\t<div class=\"elementor-spacer-inner\"><\/div>\n\t\t<\/div>\n\t\t\t\t\t\t<\/div>\n\t\t\t\t<\/div>\n\t\t\t\t\t<\/div>\n\t\t\t\t<\/div>\n\t\t<div class=\"elementor-element elementor-element-65d5ca6 e-flex e-con-boxed e-con e-parent\" data-id=\"65d5ca6\" data-element_type=\"container\" data-e-type=\"container\">\n\t\t\t\t\t<div class=\"e-con-inner\">\n\t\t\t\t\t<\/div>\n\t\t\t\t<\/div>\n\t\t<div class=\"elementor-element elementor-element-3531977 e-flex e-con-boxed e-con e-parent\" data-id=\"3531977\" data-element_type=\"container\" data-e-type=\"container\">\n\t\t\t\t\t<div class=\"e-con-inner\">\n\t\t\t\t<div class=\"elementor-element elementor-element-e22ce79 elementor-widget elementor-widget-spacer\" data-id=\"e22ce79\" data-element_type=\"widget\" data-e-type=\"widget\" data-widget_type=\"spacer.default\">\n\t\t\t\t<div class=\"elementor-widget-container\">\n\t\t\t\t\t\t\t<div class=\"elementor-spacer\">\n\t\t\t<div class=\"elementor-spacer-inner\"><\/div>\n\t\t<\/div>\n\t\t\t\t\t\t<\/div>\n\t\t\t\t<\/div>\n\t\t\t\t\t<\/div>\n\t\t\t\t<\/div>\n\t\t<div class=\"elementor-element elementor-element-a86de1c e-flex e-con-boxed e-con e-parent\" data-id=\"a86de1c\" data-element_type=\"container\" data-e-type=\"container\">\n\t\t\t\t\t<div class=\"e-con-inner\">\n\t\t<div class=\"elementor-element elementor-element-35cc471 e-con-full e-flex e-con e-child\" data-id=\"35cc471\" data-element_type=\"container\" data-e-type=\"container\">\n\t\t\t\t<div class=\"elementor-element elementor-element-8270a6e elementor-widget elementor-widget-heading\" data-id=\"8270a6e\" data-element_type=\"widget\" data-e-type=\"widget\" data-widget_type=\"heading.default\">\n\t\t\t\t<div class=\"elementor-widget-container\">\n\t\t\t\t\t<h6 class=\"elementor-heading-title elementor-size-default\">NUESTRO ENFOQUE<\/h6>\t\t\t\t<\/div>\n\t\t\t\t<\/div>\n\t\t\t\t<div class=\"elementor-element elementor-element-a1bf714 elementor-widget elementor-widget-heading\" data-id=\"a1bf714\" data-element_type=\"widget\" data-e-type=\"widget\" data-widget_type=\"heading.default\">\n\t\t\t\t<div class=\"elementor-widget-container\">\n\t\t\t\t\t<h2 class=\"elementor-heading-title elementor-size-default\">SOBRE EL TERRENO<\/h2>\t\t\t\t<\/div>\n\t\t\t\t<\/div>\n\t\t\t\t<div class=\"elementor-element elementor-element-5879f51 elementor-widget elementor-widget-text-editor\" data-id=\"5879f51\" data-element_type=\"widget\" data-e-type=\"widget\" data-widget_type=\"text-editor.default\">\n\t\t\t\t<div class=\"elementor-widget-container\">\n\t\t\t\t\t\t\t\t\t<p>En Alternative Track, entendemos las frustraciones que surgen con los sistemas sobredimensionados, los proveedores r\u00edgidos y las soluciones que no dan la talla en condiciones reales. Nosotros tambi\u00e9n las hemos experimentado, y nos propusimos ofrecer algo mejor. <\/p><p>Somos ingenieros experimentados y expertos en productos, dedicados a la industria de la energ\u00eda motriz. Nuestro equipo aporta d\u00e9cadas de experiencia pr\u00e1ctica en el desarrollo de soluciones de bater\u00edas y carga que priorizan la fiabilidad, la simplicidad y el rendimiento espec\u00edfico. <\/p><p>Nuestro objetivo no es solo suministrar hardware, sino construir asociaciones a largo plazo. Valoramos a los clientes que crecen con nosotros, que ofrecen comentarios, cuestionan las suposiciones y nos ayudan a mejorar con cada iteraci\u00f3n. <\/p><p>Nos centramos en lo que importa: resolver problemas reales sin complejidades innecesarias. Creemos en la innovaci\u00f3n pr\u00e1ctica: una ingenier\u00eda que se adapte a la aplicaci\u00f3n, en lugar de abrumarla. <\/p><p>Alternative Track es su socio para hacer las cosas de forma diferente. No estamos aqu\u00ed para seguir el camino habitual de la industria. Estamos aqu\u00ed para ofrecer uno mejor.  <\/p>\t\t\t\t\t\t\t\t<\/div>\n\t\t\t\t<\/div>\n\t\t\t\t<\/div>\n\t\t<div class=\"elementor-element elementor-element-4089c62 e-con-full e-flex e-con e-child\" data-id=\"4089c62\" data-element_type=\"container\" data-e-type=\"container\">\n\t\t\t\t<div class=\"elementor-element elementor-element-fae82b7 elementor-widget elementor-widget-image\" data-id=\"fae82b7\" data-element_type=\"widget\" data-e-type=\"widget\" data-widget_type=\"image.default\">\n\t\t\t\t<div class=\"elementor-widget-container\">\n\t\t\t\t\t\t\t\t\t\t\t\t\t\t\t<img loading=\"lazy\" decoding=\"async\" loading=\"lazy\" width=\"768\" height=\"1024\" src=\"https:\/\/i0.wp.com\/alternativetrack.com\/wp-content\/uploads\/2025\/11\/IMG_9989-scaled-e1763009942883.webp?fit=768%2C1024&amp;ssl=1\" class=\"attachment-medium_large size-medium_large wp-image-2904\" alt=\"\" \/>\t\t\t\t\t\t\t\t\t\t\t\t\t\t\t<\/div>\n\t\t\t\t<\/div>\n\t\t\t\t<\/div>\n\t\t\t\t\t<\/div>\n\t\t\t\t<\/div>\n\t\t<div class=\"elementor-element elementor-element-9b2c3b5 e-flex e-con-boxed e-con e-parent\" data-id=\"9b2c3b5\" data-element_type=\"container\" data-e-type=\"container\">\n\t\t\t\t\t<div class=\"e-con-inner\">\n\t\t\t\t<div class=\"elementor-element elementor-element-e44ef09 elementor-widget elementor-widget-spacer\" data-id=\"e44ef09\" data-element_type=\"widget\" data-e-type=\"widget\" data-widget_type=\"spacer.default\">\n\t\t\t\t<div class=\"elementor-widget-container\">\n\t\t\t\t\t\t\t<div class=\"elementor-spacer\">\n\t\t\t<div class=\"elementor-spacer-inner\"><\/div>\n\t\t<\/div>\n\t\t\t\t\t\t<\/div>\n\t\t\t\t<\/div>\n\t\t\t\t\t<\/div>\n\t\t\t\t<\/div>\n\t\t<div class=\"elementor-element elementor-element-ee342c0 e-flex e-con-boxed e-con e-parent\" data-id=\"ee342c0\" data-element_type=\"container\" data-e-type=\"container\">\n\t\t\t\t\t<div class=\"e-con-inner\">\n\t\t<div class=\"elementor-element elementor-element-1edfcf3 e-con-full e-flex e-con e-child\" data-id=\"1edfcf3\" data-element_type=\"container\" data-e-type=\"container\">\n\t\t\t\t<div class=\"elementor-element elementor-element-2d04773 elementor-widget elementor-widget-image\" data-id=\"2d04773\" data-element_type=\"widget\" data-e-type=\"widget\" data-widget_type=\"image.default\">\n\t\t\t\t<div class=\"elementor-widget-container\">\n\t\t\t\t\t\t\t\t\t\t\t\t\t\t\t<img loading=\"lazy\" decoding=\"async\" loading=\"lazy\" width=\"768\" height=\"576\" src=\"https:\/\/i0.wp.com\/alternativetrack.com\/wp-content\/uploads\/2025\/11\/IMG_0035_60.jpg?fit=768%2C576&amp;ssl=1\" class=\"attachment-medium_large size-medium_large wp-image-2934\" alt=\"\" srcset=\"https:\/\/i0.wp.com\/alternativetrack.com\/wp-content\/uploads\/2025\/11\/IMG_0035_60.jpg?w=2419&amp;ssl=1 2419w, https:\/\/i0.wp.com\/alternativetrack.com\/wp-content\/uploads\/2025\/11\/IMG_0035_60.jpg?resize=300%2C225&amp;ssl=1 300w, https:\/\/i0.wp.com\/alternativetrack.com\/wp-content\/uploads\/2025\/11\/IMG_0035_60.jpg?resize=1024%2C768&amp;ssl=1 1024w, https:\/\/i0.wp.com\/alternativetrack.com\/wp-content\/uploads\/2025\/11\/IMG_0035_60.jpg?resize=768%2C576&amp;ssl=1 768w, https:\/\/i0.wp.com\/alternativetrack.com\/wp-content\/uploads\/2025\/11\/IMG_0035_60.jpg?resize=1536%2C1152&amp;ssl=1 1536w, https:\/\/i0.wp.com\/alternativetrack.com\/wp-content\/uploads\/2025\/11\/IMG_0035_60.jpg?resize=2048%2C1536&amp;ssl=1 2048w, https:\/\/i0.wp.com\/alternativetrack.com\/wp-content\/uploads\/2025\/11\/IMG_0035_60.jpg?w=1600&amp;ssl=1 1600w\" sizes=\"auto, (max-width: 768px) 100vw, 768px\" \/>\t\t\t\t\t\t\t\t\t\t\t\t\t\t\t<\/div>\n\t\t\t\t<\/div>\n\t\t\t\t<\/div>\n\t\t<div class=\"elementor-element elementor-element-d514e94 e-con-full e-flex e-con e-child\" data-id=\"d514e94\" data-element_type=\"container\" data-e-type=\"container\">\n\t\t\t\t<div class=\"elementor-element elementor-element-1e8bed9 elementor-widget elementor-widget-heading\" data-id=\"1e8bed9\" data-element_type=\"widget\" data-e-type=\"widget\" data-widget_type=\"heading.default\">\n\t\t\t\t<div class=\"elementor-widget-container\">\n\t\t\t\t\t<h6 class=\"elementor-heading-title elementor-size-default\">LOS COMENTARIOS Y LAS APORTACIONES NOS HACEN MEJORES<\/h6>\t\t\t\t<\/div>\n\t\t\t\t<\/div>\n\t\t\t\t<div class=\"elementor-element elementor-element-240f900 elementor-widget elementor-widget-heading\" data-id=\"240f900\" data-element_type=\"widget\" data-e-type=\"widget\" data-widget_type=\"heading.default\">\n\t\t\t\t<div class=\"elementor-widget-container\">\n\t\t\t\t\t<h2 class=\"elementor-heading-title elementor-size-default\">SOPORTE PARA SOCIOS<\/h2>\t\t\t\t<\/div>\n\t\t\t\t<\/div>\n\t\t\t\t<div class=\"elementor-element elementor-element-a08f080 elementor-widget elementor-widget-text-editor\" data-id=\"a08f080\" data-element_type=\"widget\" data-e-type=\"widget\" data-widget_type=\"text-editor.default\">\n\t\t\t\t<div class=\"elementor-widget-container\">\n\t\t\t\t\t\t\t\t\t<p>Tratamos a todos nuestros socios por igual, con atenci\u00f3n al detalle y alta prioridad.&nbsp; Su problema es nuestro problema y nosotros triunfamos cuando usted triunfa.&nbsp; Teniendo esto en cuenta, nuestro \u00e9xito se ha atribuido a la creaci\u00f3n de socios a largo plazo y a la aportaci\u00f3n de valor que mejora sus operaciones empresariales.&nbsp; Identificamos los retos empresariales actuales en la gesti\u00f3n de bater\u00edas de flotas y les proporcionamos soluciones.<\/p>\t\t\t\t\t\t\t\t<\/div>\n\t\t\t\t<\/div>\n\t\t\t\t<\/div>\n\t\t\t\t\t<\/div>\n\t\t\t\t<\/div>\n\t\t<div class=\"elementor-element elementor-element-e272a77 e-flex e-con-boxed e-con e-parent\" data-id=\"e272a77\" data-element_type=\"container\" data-e-type=\"container\">\n\t\t\t\t\t<div class=\"e-con-inner\">\n\t\t\t\t<div class=\"elementor-element elementor-element-9309592 elementor-widget elementor-widget-spacer\" data-id=\"9309592\" data-element_type=\"widget\" data-e-type=\"widget\" data-widget_type=\"spacer.default\">\n\t\t\t\t<div class=\"elementor-widget-container\">\n\t\t\t\t\t\t\t<div class=\"elementor-spacer\">\n\t\t\t<div class=\"elementor-spacer-inner\"><\/div>\n\t\t<\/div>\n\t\t\t\t\t\t<\/div>\n\t\t\t\t<\/div>\n\t\t\t\t\t<\/div>\n\t\t\t\t<\/div>\n\t\t<div class=\"elementor-element elementor-element-806a795 e-flex e-con-boxed e-con e-parent\" data-id=\"806a795\" data-element_type=\"container\" data-e-type=\"container\">\n\t\t\t\t\t<div class=\"e-con-inner\">\n\t\t<div class=\"elementor-element elementor-element-3c0c680 e-con-full e-flex e-con e-child\" data-id=\"3c0c680\" data-element_type=\"container\" data-e-type=\"container\">\n\t\t\t\t<div class=\"elementor-element elementor-element-c9077fb elementor-widget elementor-widget-heading\" data-id=\"c9077fb\" data-element_type=\"widget\" data-e-type=\"widget\" data-widget_type=\"heading.default\">\n\t\t\t\t<div class=\"elementor-widget-container\">\n\t\t\t\t\t<h6 class=\"elementor-heading-title elementor-size-default\">INGENIEROS Y EXPERTOS EN CARGADORES Y BATER\u00cdAS<\/h6>\t\t\t\t<\/div>\n\t\t\t\t<\/div>\n\t\t\t\t<div class=\"elementor-element elementor-element-8d8d027 elementor-widget elementor-widget-heading\" data-id=\"8d8d027\" data-element_type=\"widget\" data-e-type=\"widget\" data-widget_type=\"heading.default\">\n\t\t\t\t<div class=\"elementor-widget-container\">\n\t\t\t\t\t<h2 class=\"elementor-heading-title elementor-size-default\">RED GLOBAL DE LA COMUNIDAD<\/h2>\t\t\t\t<\/div>\n\t\t\t\t<\/div>\n\t\t\t\t<div class=\"elementor-element elementor-element-fc1498d elementor-widget elementor-widget-text-editor\" data-id=\"fc1498d\" data-element_type=\"widget\" data-e-type=\"widget\" data-widget_type=\"text-editor.default\">\n\t\t\t\t<div class=\"elementor-widget-container\">\n\t\t\t\t\t\t\t\t\t<p>Trabajamos con distribuidores, fabricantes de equipos originales y socios de cargadores y bater\u00edas en todo el mundo.&nbsp;  Nuestra red global de socios nos permite estar a la vanguardia de los retos industriales y nos brinda la oportunidad de aprovechar la experiencia de todo el mundo.&nbsp;  Creemos que los retos se resuelven mejor con un esfuerzo de equipo y la colaboraci\u00f3n indirecta a trav\u00e9s de una base de conocimientos global de experiencia pr\u00e1ctica en bater\u00edas industriales logra ese objetivo.<\/p>\t\t\t\t\t\t\t\t<\/div>\n\t\t\t\t<\/div>\n\t\t\t\t<div class=\"elementor-element elementor-element-4534f4a elementor-widget elementor-widget-button\" data-id=\"4534f4a\" data-element_type=\"widget\" data-e-type=\"widget\" data-widget_type=\"button.default\">\n\t\t\t\t<div class=\"elementor-widget-container\">\n\t\t\t\t\t\t\t\t\t<div class=\"elementor-button-wrapper\">\n\t\t\t\t\t<a class=\"elementor-button elementor-button-link elementor-size-sm\" href=\"https:\/\/alternativetrack.com\/es\/contacto\/\">\n\t\t\t\t\t\t<span class=\"elementor-button-content-wrapper\">\n\t\t\t\t\t\t\t\t\t<span class=\"elementor-button-text\">As\u00f3ciese con nosotros<\/span>\n\t\t\t\t\t<\/span>\n\t\t\t\t\t<\/a>\n\t\t\t\t<\/div>\n\t\t\t\t\t\t\t\t<\/div>\n\t\t\t\t<\/div>\n\t\t\t\t<\/div>\n\t\t<div class=\"elementor-element elementor-element-26a9fda e-con-full e-flex e-con e-child\" data-id=\"26a9fda\" data-element_type=\"container\" data-e-type=\"container\">\n\t\t\t\t<div class=\"elementor-element elementor-element-14a261d elementor-widget elementor-widget-image\" data-id=\"14a261d\" data-element_type=\"widget\" data-e-type=\"widget\" data-widget_type=\"image.default\">\n\t\t\t\t<div class=\"elementor-widget-container\">\n\t\t\t\t\t\t\t\t\t\t\t\t\t\t\t<img decoding=\"async\" loading=\"lazy\" src=\"https:\/\/i0.wp.com\/alternativetrack.com\/wp-content\/uploads\/2025\/11\/IMG_0042_60.jpg?fit=1024%2C1024&amp;ssl=1\" class=\"attachment-large size-large wp-image-2946\" alt=\"\" \/>\t\t\t\t\t\t\t\t\t\t\t\t\t\t\t<\/div>\n\t\t\t\t<\/div>\n\t\t\t\t<\/div>\n\t\t\t\t\t<\/div>\n\t\t\t\t<\/div>\n\t\t<div class=\"elementor-element elementor-element-dd1699e e-flex e-con-boxed e-con e-parent\" data-id=\"dd1699e\" data-element_type=\"container\" data-e-type=\"container\">\n\t\t\t\t\t<div class=\"e-con-inner\">\n\t\t\t\t<div class=\"elementor-element elementor-element-783cfe7 elementor-widget elementor-widget-spacer\" data-id=\"783cfe7\" data-element_type=\"widget\" data-e-type=\"widget\" data-widget_type=\"spacer.default\">\n\t\t\t\t<div class=\"elementor-widget-container\">\n\t\t\t\t\t\t\t<div class=\"elementor-spacer\">\n\t\t\t<div class=\"elementor-spacer-inner\"><\/div>\n\t\t<\/div>\n\t\t\t\t\t\t<\/div>\n\t\t\t\t<\/div>\n\t\t\t\t\t<\/div>\n\t\t\t\t<\/div>\n\t\t\t\t<\/div>\n\t\t","protected":false},"excerpt":{"rendered":"<p>LO ENTENDEMOS. NOSOTROS TAMBI\u00c9N HEMOS PASADO POR ESO. NUESTRO ENFOQUE SOBRE EL TERRENO En Alternative Track, entendemos las frustraciones que surgen con los sistemas sobredimensionados, los proveedores r\u00edgidos y las soluciones que no dan la talla en condiciones reales. Nosotros tambi\u00e9n las hemos experimentado, y nos propusimos ofrecer algo mejor. Somos ingenieros experimentados y expertos [&hellip;]<\/p>\n","protected":false},"author":1,"featured_media":0,"parent":0,"menu_order":0,"comment_status":"closed","ping_status":"closed","template":"","meta":{"nf_dc_page":"","_monsterinsights_skip_tracking":false,"_monsterinsights_sitenote_active":false,"_monsterinsights_sitenote_note":"","_monsterinsights_sitenote_category":0,"footnotes":""},"class_list":["post-2147","page","type-page","status-publish","hentry"],"yoast_head":"<!-- This site is optimized with the Yoast SEO plugin v27.4 - https:\/\/yoast.com\/product\/yoast-seo-wordpress\/ -->\n<title>Acerca de - Alternative Track<\/title>\n<meta name=\"robots\" content=\"index, follow, max-snippet:-1, max-image-preview:large, max-video-preview:-1\" \/>\n<link rel=\"canonical\" href=\"https:\/\/alternativetrack.com\/es\/acerca-de\/\" \/>\n<meta property=\"og:locale\" content=\"es_ES\" \/>\n<meta property=\"og:type\" content=\"article\" \/>\n<meta property=\"og:title\" content=\"Acerca de - Alternative Track\" \/>\n<meta property=\"og:description\" content=\"LO ENTENDEMOS. NOSOTROS TAMBI\u00c9N HEMOS PASADO POR ESO. NUESTRO ENFOQUE SOBRE EL TERRENO En Alternative Track, entendemos las frustraciones que surgen con los sistemas sobredimensionados, los proveedores r\u00edgidos y las soluciones que no dan la talla en condiciones reales. Nosotros tambi\u00e9n las hemos experimentado, y nos propusimos ofrecer algo mejor. Somos ingenieros experimentados y expertos [&hellip;]\" \/>\n<meta property=\"og:url\" content=\"https:\/\/alternativetrack.com\/es\/acerca-de\/\" \/>\n<meta property=\"og:site_name\" content=\"Alternative Track\" \/>\n<meta property=\"article:modified_time\" content=\"2025-11-13T05:59:40+00:00\" \/>\n<meta property=\"og:image\" content=\"https:\/\/alternativetrack.com\/wp-content\/uploads\/2025\/11\/IMG_9989-scaled-e1763009942883-768x882.webp\" \/>\n<meta name=\"twitter:card\" content=\"summary_large_image\" \/>\n<meta name=\"twitter:label1\" content=\"Tiempo de lectura\" \/>\n\t<meta name=\"twitter:data1\" content=\"2 minutos\" \/>\n<script type=\"application\/ld+json\" class=\"yoast-schema-graph\">{\"@context\":\"https:\\\/\\\/schema.org\",\"@graph\":[{\"@type\":\"WebPage\",\"@id\":\"https:\\\/\\\/alternativetrack.com\\\/es\\\/acerca-de\\\/\",\"url\":\"https:\\\/\\\/alternativetrack.com\\\/es\\\/acerca-de\\\/\",\"name\":\"Acerca de - Alternative Track\",\"isPartOf\":{\"@id\":\"https:\\\/\\\/alternativetrack.com\\\/es\\\/#website\"},\"primaryImageOfPage\":{\"@id\":\"https:\\\/\\\/alternativetrack.com\\\/es\\\/acerca-de\\\/#primaryimage\"},\"image\":{\"@id\":\"https:\\\/\\\/alternativetrack.com\\\/es\\\/acerca-de\\\/#primaryimage\"},\"thumbnailUrl\":\"https:\\\/\\\/alternativetrack.com\\\/wp-content\\\/uploads\\\/2025\\\/11\\\/IMG_9989-scaled-e1763009942883-768x882.webp\",\"datePublished\":\"2025-05-31T16:39:36+00:00\",\"dateModified\":\"2025-11-13T05:59:40+00:00\",\"breadcrumb\":{\"@id\":\"https:\\\/\\\/alternativetrack.com\\\/es\\\/acerca-de\\\/#breadcrumb\"},\"inLanguage\":\"es\",\"potentialAction\":[{\"@type\":\"ReadAction\",\"target\":[\"https:\\\/\\\/alternativetrack.com\\\/es\\\/acerca-de\\\/\"]}]},{\"@type\":\"ImageObject\",\"inLanguage\":\"es\",\"@id\":\"https:\\\/\\\/alternativetrack.com\\\/es\\\/acerca-de\\\/#primaryimage\",\"url\":\"https:\\\/\\\/alternativetrack.com\\\/wp-content\\\/uploads\\\/2025\\\/11\\\/IMG_9989-scaled-e1763009942883-768x882.webp\",\"contentUrl\":\"https:\\\/\\\/alternativetrack.com\\\/wp-content\\\/uploads\\\/2025\\\/11\\\/IMG_9989-scaled-e1763009942883-768x882.webp\"},{\"@type\":\"BreadcrumbList\",\"@id\":\"https:\\\/\\\/alternativetrack.com\\\/es\\\/acerca-de\\\/#breadcrumb\",\"itemListElement\":[{\"@type\":\"ListItem\",\"position\":1,\"name\":\"Home\",\"item\":\"https:\\\/\\\/alternativetrack.com\\\/es\\\/inicio\\\/\"},{\"@type\":\"ListItem\",\"position\":2,\"name\":\"Acerca de\"}]},{\"@type\":\"WebSite\",\"@id\":\"https:\\\/\\\/alternativetrack.com\\\/es\\\/#website\",\"url\":\"https:\\\/\\\/alternativetrack.com\\\/es\\\/\",\"name\":\"Alternative Track\",\"description\":\"\",\"potentialAction\":[{\"@type\":\"SearchAction\",\"target\":{\"@type\":\"EntryPoint\",\"urlTemplate\":\"https:\\\/\\\/alternativetrack.com\\\/es\\\/?s={search_term_string}\"},\"query-input\":{\"@type\":\"PropertyValueSpecification\",\"valueRequired\":true,\"valueName\":\"search_term_string\"}}],\"inLanguage\":\"es\"}]}<\/script>\n<!-- \/ Yoast SEO plugin. -->","yoast_head_json":{"title":"Acerca de - Alternative Track","robots":{"index":"index","follow":"follow","max-snippet":"max-snippet:-1","max-image-preview":"max-image-preview:large","max-video-preview":"max-video-preview:-1"},"canonical":"https:\/\/alternativetrack.com\/es\/acerca-de\/","og_locale":"es_ES","og_type":"article","og_title":"Acerca de - Alternative Track","og_description":"LO ENTENDEMOS. NOSOTROS TAMBI\u00c9N HEMOS PASADO POR ESO. NUESTRO ENFOQUE SOBRE EL TERRENO En Alternative Track, entendemos las frustraciones que surgen con los sistemas sobredimensionados, los proveedores r\u00edgidos y las soluciones que no dan la talla en condiciones reales. Nosotros tambi\u00e9n las hemos experimentado, y nos propusimos ofrecer algo mejor. Somos ingenieros experimentados y expertos [&hellip;]","og_url":"https:\/\/alternativetrack.com\/es\/acerca-de\/","og_site_name":"Alternative Track","article_modified_time":"2025-11-13T05:59:40+00:00","og_image":[{"url":"https:\/\/alternativetrack.com\/wp-content\/uploads\/2025\/11\/IMG_9989-scaled-e1763009942883-768x882.webp","type":"","width":"","height":""}],"twitter_card":"summary_large_image","twitter_misc":{"Tiempo de lectura":"2 minutos"},"schema":{"@context":"https:\/\/schema.org","@graph":[{"@type":"WebPage","@id":"https:\/\/alternativetrack.com\/es\/acerca-de\/","url":"https:\/\/alternativetrack.com\/es\/acerca-de\/","name":"Acerca de - Alternative Track","isPartOf":{"@id":"https:\/\/alternativetrack.com\/es\/#website"},"primaryImageOfPage":{"@id":"https:\/\/alternativetrack.com\/es\/acerca-de\/#primaryimage"},"image":{"@id":"https:\/\/alternativetrack.com\/es\/acerca-de\/#primaryimage"},"thumbnailUrl":"https:\/\/alternativetrack.com\/wp-content\/uploads\/2025\/11\/IMG_9989-scaled-e1763009942883-768x882.webp","datePublished":"2025-05-31T16:39:36+00:00","dateModified":"2025-11-13T05:59:40+00:00","breadcrumb":{"@id":"https:\/\/alternativetrack.com\/es\/acerca-de\/#breadcrumb"},"inLanguage":"es","potentialAction":[{"@type":"ReadAction","target":["https:\/\/alternativetrack.com\/es\/acerca-de\/"]}]},{"@type":"ImageObject","inLanguage":"es","@id":"https:\/\/alternativetrack.com\/es\/acerca-de\/#primaryimage","url":"https:\/\/alternativetrack.com\/wp-content\/uploads\/2025\/11\/IMG_9989-scaled-e1763009942883-768x882.webp","contentUrl":"https:\/\/alternativetrack.com\/wp-content\/uploads\/2025\/11\/IMG_9989-scaled-e1763009942883-768x882.webp"},{"@type":"BreadcrumbList","@id":"https:\/\/alternativetrack.com\/es\/acerca-de\/#breadcrumb","itemListElement":[{"@type":"ListItem","position":1,"name":"Home","item":"https:\/\/alternativetrack.com\/es\/inicio\/"},{"@type":"ListItem","position":2,"name":"Acerca de"}]},{"@type":"WebSite","@id":"https:\/\/alternativetrack.com\/es\/#website","url":"https:\/\/alternativetrack.com\/es\/","name":"Alternative Track","description":"","potentialAction":[{"@type":"SearchAction","target":{"@type":"EntryPoint","urlTemplate":"https:\/\/alternativetrack.com\/es\/?s={search_term_string}"},"query-input":{"@type":"PropertyValueSpecification","valueRequired":true,"valueName":"search_term_string"}}],"inLanguage":"es"}]}},"jetpack_sharing_enabled":true,"_links":{"self":[{"href":"https:\/\/alternativetrack.com\/es\/wp-json\/wp\/v2\/pages\/2147","targetHints":{"allow":["GET"]}}],"collection":[{"href":"https:\/\/alternativetrack.com\/es\/wp-json\/wp\/v2\/pages"}],"about":[{"href":"https:\/\/alternativetrack.com\/es\/wp-json\/wp\/v2\/types\/page"}],"author":[{"embeddable":true,"href":"https:\/\/alternativetrack.com\/es\/wp-json\/wp\/v2\/users\/1"}],"replies":[{"embeddable":true,"href":"https:\/\/alternativetrack.com\/es\/wp-json\/wp\/v2\/comments?post=2147"}],"version-history":[{"count":9,"href":"https:\/\/alternativetrack.com\/es\/wp-json\/wp\/v2\/pages\/2147\/revisions"}],"predecessor-version":[{"id":3025,"href":"https:\/\/alternativetrack.com\/es\/wp-json\/wp\/v2\/pages\/2147\/revisions\/3025"}],"wp:attachment":[{"href":"https:\/\/alternativetrack.com\/es\/wp-json\/wp\/v2\/media?parent=2147"}],"curies":[{"name":"wp","href":"https:\/\/api.w.org\/{rel}","templated":true}]}}