{"id":2214,"date":"2025-05-31T16:39:36","date_gmt":"2025-05-31T16:39:36","guid":{"rendered":"https:\/\/alternativetrack.com\/ueber-uns\/"},"modified":"2025-11-13T05:59:40","modified_gmt":"2025-11-13T05:59:40","slug":"ueber-uns","status":"publish","type":"page","link":"https:\/\/alternativetrack.com\/de\/ueber-uns\/","title":{"rendered":"\u00dcber uns"},"content":{"rendered":"\t\t<div data-elementor-type=\"wp-post\" data-elementor-id=\"2214\" class=\"elementor elementor-2214 elementor-7\" data-elementor-post-type=\"page\">\n\t\t\t\t<div class=\"elementor-element elementor-element-168a67d e-flex e-con-boxed e-con e-parent\" data-id=\"168a67d\" data-element_type=\"container\" data-e-type=\"container\" data-settings=\"{&quot;background_background&quot;:&quot;classic&quot;}\">\n\t\t\t\t\t<div class=\"e-con-inner\">\n\t\t\t\t<div class=\"elementor-element elementor-element-f9c8696 elementor-widget elementor-widget-spacer\" data-id=\"f9c8696\" data-element_type=\"widget\" data-e-type=\"widget\" data-widget_type=\"spacer.default\">\n\t\t\t\t<div class=\"elementor-widget-container\">\n\t\t\t\t\t\t\t<div class=\"elementor-spacer\">\n\t\t\t<div class=\"elementor-spacer-inner\"><\/div>\n\t\t<\/div>\n\t\t\t\t\t\t<\/div>\n\t\t\t\t<\/div>\n\t\t\t\t<div class=\"elementor-element elementor-element-154fa04 elementor-widget elementor-widget-heading\" data-id=\"154fa04\" data-element_type=\"widget\" data-e-type=\"widget\" data-widget_type=\"heading.default\">\n\t\t\t\t<div class=\"elementor-widget-container\">\n\t\t\t\t\t<h2 class=\"elementor-heading-title elementor-size-default\">WIR VERSTEHEN ES. WIR HABEN ES ERLEBT.<\/h2>\t\t\t\t<\/div>\n\t\t\t\t<\/div>\n\t\t\t\t<div class=\"elementor-element elementor-element-bb4a1a6 elementor-widget elementor-widget-spacer\" data-id=\"bb4a1a6\" data-element_type=\"widget\" data-e-type=\"widget\" data-widget_type=\"spacer.default\">\n\t\t\t\t<div class=\"elementor-widget-container\">\n\t\t\t\t\t\t\t<div class=\"elementor-spacer\">\n\t\t\t<div class=\"elementor-spacer-inner\"><\/div>\n\t\t<\/div>\n\t\t\t\t\t\t<\/div>\n\t\t\t\t<\/div>\n\t\t\t\t\t<\/div>\n\t\t\t\t<\/div>\n\t\t<div class=\"elementor-element elementor-element-65d5ca6 e-flex e-con-boxed e-con e-parent\" data-id=\"65d5ca6\" data-element_type=\"container\" data-e-type=\"container\">\n\t\t\t\t\t<div class=\"e-con-inner\">\n\t\t\t\t\t<\/div>\n\t\t\t\t<\/div>\n\t\t<div class=\"elementor-element elementor-element-3531977 e-flex e-con-boxed e-con e-parent\" data-id=\"3531977\" data-element_type=\"container\" data-e-type=\"container\">\n\t\t\t\t\t<div class=\"e-con-inner\">\n\t\t\t\t<div class=\"elementor-element elementor-element-e22ce79 elementor-widget elementor-widget-spacer\" data-id=\"e22ce79\" data-element_type=\"widget\" data-e-type=\"widget\" data-widget_type=\"spacer.default\">\n\t\t\t\t<div class=\"elementor-widget-container\">\n\t\t\t\t\t\t\t<div class=\"elementor-spacer\">\n\t\t\t<div class=\"elementor-spacer-inner\"><\/div>\n\t\t<\/div>\n\t\t\t\t\t\t<\/div>\n\t\t\t\t<\/div>\n\t\t\t\t\t<\/div>\n\t\t\t\t<\/div>\n\t\t<div class=\"elementor-element elementor-element-a86de1c e-flex e-con-boxed e-con e-parent\" data-id=\"a86de1c\" data-element_type=\"container\" data-e-type=\"container\">\n\t\t\t\t\t<div class=\"e-con-inner\">\n\t\t<div class=\"elementor-element elementor-element-35cc471 e-con-full e-flex e-con e-child\" data-id=\"35cc471\" data-element_type=\"container\" data-e-type=\"container\">\n\t\t\t\t<div class=\"elementor-element elementor-element-8270a6e elementor-widget elementor-widget-heading\" data-id=\"8270a6e\" data-element_type=\"widget\" data-e-type=\"widget\" data-widget_type=\"heading.default\">\n\t\t\t\t<div class=\"elementor-widget-container\">\n\t\t\t\t\t<h6 class=\"elementor-heading-title elementor-size-default\">UNSER ANSATZ<\/h6>\t\t\t\t<\/div>\n\t\t\t\t<\/div>\n\t\t\t\t<div class=\"elementor-element elementor-element-a1bf714 elementor-widget elementor-widget-heading\" data-id=\"a1bf714\" data-element_type=\"widget\" data-e-type=\"widget\" data-widget_type=\"heading.default\">\n\t\t\t\t<div class=\"elementor-widget-container\">\n\t\t\t\t\t<h2 class=\"elementor-heading-title elementor-size-default\">PRAXISNAH<\/h2>\t\t\t\t<\/div>\n\t\t\t\t<\/div>\n\t\t\t\t<div class=\"elementor-element elementor-element-5879f51 elementor-widget elementor-widget-text-editor\" data-id=\"5879f51\" data-element_type=\"widget\" data-e-type=\"widget\" data-widget_type=\"text-editor.default\">\n\t\t\t\t<div class=\"elementor-widget-container\">\n\t\t\t\t\t\t\t\t\t<p>Bei Alternative Track verstehen wir die Frustrationen, die mit \u00fcberentwickelten Systemen, starren Lieferanten und L\u00f6sungen einhergehen, die unter realen Bedingungen nicht den Erwartungen entsprechen. Wir haben sie ebenfalls erlebt \u2013 und wir haben uns vorgenommen, etwas Besseres anzubieten.<\/p><p>Wir sind erfahrene Ingenieure und Produktexperten, die sich der Antriebstechnikbranche verschrieben haben. Unser Team verf\u00fcgt \u00fcber jahrzehntelange praktische Erfahrung in der Entwicklung von Batterie- und Ladel\u00f6sungen, die Zuverl\u00e4ssigkeit, Einfachheit und zweckm\u00e4\u00dfige Leistung priorisieren.<\/p><p>Unser Ziel ist es nicht nur, Hardware zu liefern \u2013 sondern langfristige Partnerschaften aufzubauen. Wir sch\u00e4tzen Kunden, die mit uns wachsen, Feedback geben, Annahmen hinterfragen und uns helfen, uns mit jeder Iteration zu verbessern.<\/p><p>Wir konzentrieren uns auf das Wesentliche: die L\u00f6sung realer Probleme ohne unn\u00f6tige Komplexit\u00e4t. Wir glauben an praktische Innovation \u2013 Ingenieurkunst, die der Anwendung gerecht wird, anstatt sie zu \u00fcberfordern.<\/p><p>Alternative Track ist Ihr Partner, um Dinge anders anzugehen. Wir sind nicht hier, um dem \u00fcblichen Weg der Branche zu folgen. Wir sind hier, um einen besseren anzubieten.<\/p>\t\t\t\t\t\t\t\t<\/div>\n\t\t\t\t<\/div>\n\t\t\t\t<\/div>\n\t\t<div class=\"elementor-element elementor-element-4089c62 e-con-full e-flex e-con e-child\" data-id=\"4089c62\" data-element_type=\"container\" data-e-type=\"container\">\n\t\t\t\t<div class=\"elementor-element elementor-element-fae82b7 elementor-widget elementor-widget-image\" data-id=\"fae82b7\" data-element_type=\"widget\" data-e-type=\"widget\" data-widget_type=\"image.default\">\n\t\t\t\t<div class=\"elementor-widget-container\">\n\t\t\t\t\t\t\t\t\t\t\t\t\t\t\t<img loading=\"lazy\" decoding=\"async\" loading=\"lazy\" width=\"768\" height=\"1024\" src=\"https:\/\/i0.wp.com\/alternativetrack.com\/wp-content\/uploads\/2025\/11\/IMG_9989-scaled-e1763009942883.webp?fit=768%2C1024&amp;ssl=1\" class=\"attachment-medium_large size-medium_large wp-image-2901\" alt=\"\" \/>\t\t\t\t\t\t\t\t\t\t\t\t\t\t\t<\/div>\n\t\t\t\t<\/div>\n\t\t\t\t<\/div>\n\t\t\t\t\t<\/div>\n\t\t\t\t<\/div>\n\t\t<div class=\"elementor-element elementor-element-9b2c3b5 e-flex e-con-boxed e-con e-parent\" data-id=\"9b2c3b5\" data-element_type=\"container\" data-e-type=\"container\">\n\t\t\t\t\t<div class=\"e-con-inner\">\n\t\t\t\t<div class=\"elementor-element elementor-element-e44ef09 elementor-widget elementor-widget-spacer\" data-id=\"e44ef09\" data-element_type=\"widget\" data-e-type=\"widget\" data-widget_type=\"spacer.default\">\n\t\t\t\t<div class=\"elementor-widget-container\">\n\t\t\t\t\t\t\t<div class=\"elementor-spacer\">\n\t\t\t<div class=\"elementor-spacer-inner\"><\/div>\n\t\t<\/div>\n\t\t\t\t\t\t<\/div>\n\t\t\t\t<\/div>\n\t\t\t\t\t<\/div>\n\t\t\t\t<\/div>\n\t\t<div class=\"elementor-element elementor-element-ee342c0 e-flex e-con-boxed e-con e-parent\" data-id=\"ee342c0\" data-element_type=\"container\" data-e-type=\"container\">\n\t\t\t\t\t<div class=\"e-con-inner\">\n\t\t<div class=\"elementor-element elementor-element-1edfcf3 e-con-full e-flex e-con e-child\" data-id=\"1edfcf3\" data-element_type=\"container\" data-e-type=\"container\">\n\t\t\t\t<div class=\"elementor-element elementor-element-2d04773 elementor-widget elementor-widget-image\" data-id=\"2d04773\" data-element_type=\"widget\" data-e-type=\"widget\" data-widget_type=\"image.default\">\n\t\t\t\t<div class=\"elementor-widget-container\">\n\t\t\t\t\t\t\t\t\t\t\t\t\t\t\t<img loading=\"lazy\" decoding=\"async\" loading=\"lazy\" width=\"768\" height=\"576\" src=\"https:\/\/i0.wp.com\/alternativetrack.com\/wp-content\/uploads\/2025\/11\/IMG_0035_60.jpg?fit=768%2C576&amp;ssl=1\" class=\"attachment-medium_large size-medium_large wp-image-2931\" alt=\"\" srcset=\"https:\/\/i0.wp.com\/alternativetrack.com\/wp-content\/uploads\/2025\/11\/IMG_0035_60.jpg?w=2419&amp;ssl=1 2419w, https:\/\/i0.wp.com\/alternativetrack.com\/wp-content\/uploads\/2025\/11\/IMG_0035_60.jpg?resize=300%2C225&amp;ssl=1 300w, https:\/\/i0.wp.com\/alternativetrack.com\/wp-content\/uploads\/2025\/11\/IMG_0035_60.jpg?resize=1024%2C768&amp;ssl=1 1024w, https:\/\/i0.wp.com\/alternativetrack.com\/wp-content\/uploads\/2025\/11\/IMG_0035_60.jpg?resize=768%2C576&amp;ssl=1 768w, https:\/\/i0.wp.com\/alternativetrack.com\/wp-content\/uploads\/2025\/11\/IMG_0035_60.jpg?resize=1536%2C1152&amp;ssl=1 1536w, https:\/\/i0.wp.com\/alternativetrack.com\/wp-content\/uploads\/2025\/11\/IMG_0035_60.jpg?resize=2048%2C1536&amp;ssl=1 2048w, https:\/\/i0.wp.com\/alternativetrack.com\/wp-content\/uploads\/2025\/11\/IMG_0035_60.jpg?w=1600&amp;ssl=1 1600w\" sizes=\"auto, (max-width: 768px) 100vw, 768px\" \/>\t\t\t\t\t\t\t\t\t\t\t\t\t\t\t<\/div>\n\t\t\t\t<\/div>\n\t\t\t\t<\/div>\n\t\t<div class=\"elementor-element elementor-element-d514e94 e-con-full e-flex e-con e-child\" data-id=\"d514e94\" data-element_type=\"container\" data-e-type=\"container\">\n\t\t\t\t<div class=\"elementor-element elementor-element-1e8bed9 elementor-widget elementor-widget-heading\" data-id=\"1e8bed9\" data-element_type=\"widget\" data-e-type=\"widget\" data-widget_type=\"heading.default\">\n\t\t\t\t<div class=\"elementor-widget-container\">\n\t\t\t\t\t<h6 class=\"elementor-heading-title elementor-size-default\">FEEDBACK UND INPUT MACHEN UNS BESSER<\/h6>\t\t\t\t<\/div>\n\t\t\t\t<\/div>\n\t\t\t\t<div class=\"elementor-element elementor-element-240f900 elementor-widget elementor-widget-heading\" data-id=\"240f900\" data-element_type=\"widget\" data-e-type=\"widget\" data-widget_type=\"heading.default\">\n\t\t\t\t<div class=\"elementor-widget-container\">\n\t\t\t\t\t<h2 class=\"elementor-heading-title elementor-size-default\">PARTNERUNTERST\u00dcTZUNG<\/h2>\t\t\t\t<\/div>\n\t\t\t\t<\/div>\n\t\t\t\t<div class=\"elementor-element elementor-element-a08f080 elementor-widget elementor-widget-text-editor\" data-id=\"a08f080\" data-element_type=\"widget\" data-e-type=\"widget\" data-widget_type=\"text-editor.default\">\n\t\t\t\t<div class=\"elementor-widget-container\">\n\t\t\t\t\t\t\t\t\t<p>Wir behandeln alle unsere Partner gleich \u2013 mit Liebe zum Detail und hoher Priorit\u00e4t.&nbsp; Ihr Problem ist unser Problem, und wir sind erfolgreich, wenn Sie erfolgreich sind.&nbsp; Vor diesem Hintergrund ist unser Erfolg darauf zur\u00fcckzuf\u00fchren, dass wir langfristige Partner aufbauen und Mehrwert bieten, der ihre Gesch\u00e4ftsabl\u00e4ufe verbessert.&nbsp; Wir identifizieren die heutigen gesch\u00e4ftlichen Herausforderungen im Flottenbatteriemanagement und bieten L\u00f6sungen daf\u00fcr an.<\/p>\t\t\t\t\t\t\t\t<\/div>\n\t\t\t\t<\/div>\n\t\t\t\t<\/div>\n\t\t\t\t\t<\/div>\n\t\t\t\t<\/div>\n\t\t<div class=\"elementor-element elementor-element-e272a77 e-flex e-con-boxed e-con e-parent\" data-id=\"e272a77\" data-element_type=\"container\" data-e-type=\"container\">\n\t\t\t\t\t<div class=\"e-con-inner\">\n\t\t\t\t<div class=\"elementor-element elementor-element-9309592 elementor-widget elementor-widget-spacer\" data-id=\"9309592\" data-element_type=\"widget\" data-e-type=\"widget\" data-widget_type=\"spacer.default\">\n\t\t\t\t<div class=\"elementor-widget-container\">\n\t\t\t\t\t\t\t<div class=\"elementor-spacer\">\n\t\t\t<div class=\"elementor-spacer-inner\"><\/div>\n\t\t<\/div>\n\t\t\t\t\t\t<\/div>\n\t\t\t\t<\/div>\n\t\t\t\t\t<\/div>\n\t\t\t\t<\/div>\n\t\t<div class=\"elementor-element elementor-element-806a795 e-flex e-con-boxed e-con e-parent\" data-id=\"806a795\" data-element_type=\"container\" data-e-type=\"container\">\n\t\t\t\t\t<div class=\"e-con-inner\">\n\t\t<div class=\"elementor-element elementor-element-3c0c680 e-con-full e-flex e-con e-child\" data-id=\"3c0c680\" data-element_type=\"container\" data-e-type=\"container\">\n\t\t\t\t<div class=\"elementor-element elementor-element-c9077fb elementor-widget elementor-widget-heading\" data-id=\"c9077fb\" data-element_type=\"widget\" data-e-type=\"widget\" data-widget_type=\"heading.default\">\n\t\t\t\t<div class=\"elementor-widget-container\">\n\t\t\t\t\t<h6 class=\"elementor-heading-title elementor-size-default\">INGENIEURE UND EXPERTEN F\u00dcR LADEGER\u00c4TE UND BATTERIEN<\/h6>\t\t\t\t<\/div>\n\t\t\t\t<\/div>\n\t\t\t\t<div class=\"elementor-element elementor-element-8d8d027 elementor-widget elementor-widget-heading\" data-id=\"8d8d027\" data-element_type=\"widget\" data-e-type=\"widget\" data-widget_type=\"heading.default\">\n\t\t\t\t<div class=\"elementor-widget-container\">\n\t\t\t\t\t<h2 class=\"elementor-heading-title elementor-size-default\">GLOBALES GEMEINSCHAFTSNETZWERK<\/h2>\t\t\t\t<\/div>\n\t\t\t\t<\/div>\n\t\t\t\t<div class=\"elementor-element elementor-element-fc1498d elementor-widget elementor-widget-text-editor\" data-id=\"fc1498d\" data-element_type=\"widget\" data-e-type=\"widget\" data-widget_type=\"text-editor.default\">\n\t\t\t\t<div class=\"elementor-widget-container\">\n\t\t\t\t\t\t\t\t\t<p>Wir arbeiten mit Distributoren, OEMs sowie Lade- und Batteriepartnern weltweit zusammen.&nbsp; Unser globales Partnernetzwerk erm\u00f6glicht es uns, an der Spitze industrieller Herausforderungen zu stehen und Erfahrungen aus aller Welt zu nutzen.&nbsp; Wir glauben, dass Herausforderungen am besten durch Teamarbeit gel\u00f6st werden und dass die indirekte Zusammenarbeit \u00fcber eine globale Wissensbasis praktischer industrieller Batterieerfahrung dieses Ziel erreicht.<\/p>\t\t\t\t\t\t\t\t<\/div>\n\t\t\t\t<\/div>\n\t\t\t\t<div class=\"elementor-element elementor-element-4534f4a elementor-widget elementor-widget-button\" data-id=\"4534f4a\" data-element_type=\"widget\" data-e-type=\"widget\" data-widget_type=\"button.default\">\n\t\t\t\t<div class=\"elementor-widget-container\">\n\t\t\t\t\t\t\t\t\t<div class=\"elementor-button-wrapper\">\n\t\t\t\t\t<a class=\"elementor-button elementor-button-link elementor-size-sm\" href=\"https:\/\/alternativetrack.com\/de\/kontakt\/\">\n\t\t\t\t\t\t<span class=\"elementor-button-content-wrapper\">\n\t\t\t\t\t\t\t\t\t<span class=\"elementor-button-text\">Werden Sie unser Partner<\/span>\n\t\t\t\t\t<\/span>\n\t\t\t\t\t<\/a>\n\t\t\t\t<\/div>\n\t\t\t\t\t\t\t\t<\/div>\n\t\t\t\t<\/div>\n\t\t\t\t<\/div>\n\t\t<div class=\"elementor-element elementor-element-26a9fda e-con-full e-flex e-con e-child\" data-id=\"26a9fda\" data-element_type=\"container\" data-e-type=\"container\">\n\t\t\t\t<div class=\"elementor-element elementor-element-14a261d elementor-widget elementor-widget-image\" data-id=\"14a261d\" data-element_type=\"widget\" data-e-type=\"widget\" data-widget_type=\"image.default\">\n\t\t\t\t<div class=\"elementor-widget-container\">\n\t\t\t\t\t\t\t\t\t\t\t\t\t\t\t<img decoding=\"async\" loading=\"lazy\" src=\"https:\/\/i0.wp.com\/alternativetrack.com\/wp-content\/uploads\/2025\/11\/IMG_0042_60.jpg?fit=1024%2C1024&amp;ssl=1\" class=\"attachment-large size-large wp-image-2943\" alt=\"\" \/>\t\t\t\t\t\t\t\t\t\t\t\t\t\t\t<\/div>\n\t\t\t\t<\/div>\n\t\t\t\t<\/div>\n\t\t\t\t\t<\/div>\n\t\t\t\t<\/div>\n\t\t<div class=\"elementor-element elementor-element-dd1699e e-flex e-con-boxed e-con e-parent\" data-id=\"dd1699e\" data-element_type=\"container\" data-e-type=\"container\">\n\t\t\t\t\t<div class=\"e-con-inner\">\n\t\t\t\t<div class=\"elementor-element elementor-element-783cfe7 elementor-widget elementor-widget-spacer\" data-id=\"783cfe7\" data-element_type=\"widget\" data-e-type=\"widget\" data-widget_type=\"spacer.default\">\n\t\t\t\t<div class=\"elementor-widget-container\">\n\t\t\t\t\t\t\t<div class=\"elementor-spacer\">\n\t\t\t<div class=\"elementor-spacer-inner\"><\/div>\n\t\t<\/div>\n\t\t\t\t\t\t<\/div>\n\t\t\t\t<\/div>\n\t\t\t\t\t<\/div>\n\t\t\t\t<\/div>\n\t\t\t\t<\/div>\n\t\t","protected":false},"excerpt":{"rendered":"<p>WIR VERSTEHEN ES. WIR HABEN ES ERLEBT. UNSER ANSATZ PRAXISNAH Bei Alternative Track verstehen wir die Frustrationen, die mit \u00fcberentwickelten Systemen, starren Lieferanten und L\u00f6sungen einhergehen, die unter realen Bedingungen nicht den Erwartungen entsprechen. Wir haben sie ebenfalls erlebt \u2013 und wir haben uns vorgenommen, etwas Besseres anzubieten. Wir sind erfahrene Ingenieure und Produktexperten, die [&hellip;]<\/p>\n","protected":false},"author":1,"featured_media":0,"parent":0,"menu_order":0,"comment_status":"closed","ping_status":"closed","template":"","meta":{"nf_dc_page":"","_monsterinsights_skip_tracking":false,"_monsterinsights_sitenote_active":false,"_monsterinsights_sitenote_note":"","_monsterinsights_sitenote_category":0,"footnotes":""},"class_list":["post-2214","page","type-page","status-publish","hentry"],"yoast_head":"<!-- This site is optimized with the Yoast SEO plugin v27.4 - https:\/\/yoast.com\/product\/yoast-seo-wordpress\/ -->\n<title>\u00dcber uns - Alternative Track<\/title>\n<meta name=\"robots\" content=\"index, follow, max-snippet:-1, max-image-preview:large, max-video-preview:-1\" \/>\n<link rel=\"canonical\" href=\"https:\/\/alternativetrack.com\/de\/ueber-uns\/\" \/>\n<meta property=\"og:locale\" content=\"de_DE\" \/>\n<meta property=\"og:type\" content=\"article\" \/>\n<meta property=\"og:title\" content=\"\u00dcber uns - Alternative Track\" \/>\n<meta property=\"og:description\" content=\"WIR VERSTEHEN ES. WIR HABEN ES ERLEBT. UNSER ANSATZ PRAXISNAH Bei Alternative Track verstehen wir die Frustrationen, die mit \u00fcberentwickelten Systemen, starren Lieferanten und L\u00f6sungen einhergehen, die unter realen Bedingungen nicht den Erwartungen entsprechen. Wir haben sie ebenfalls erlebt \u2013 und wir haben uns vorgenommen, etwas Besseres anzubieten. Wir sind erfahrene Ingenieure und Produktexperten, die [&hellip;]\" \/>\n<meta property=\"og:url\" content=\"https:\/\/alternativetrack.com\/de\/ueber-uns\/\" \/>\n<meta property=\"og:site_name\" content=\"Alternative Track\" \/>\n<meta property=\"article:modified_time\" content=\"2025-11-13T05:59:40+00:00\" \/>\n<meta property=\"og:image\" content=\"https:\/\/alternativetrack.com\/wp-content\/uploads\/2025\/11\/IMG_9989-scaled-e1763009942883-768x882.webp\" \/>\n<meta name=\"twitter:card\" content=\"summary_large_image\" \/>\n<meta name=\"twitter:label1\" content=\"Gesch\u00e4tzte Lesezeit\" \/>\n\t<meta name=\"twitter:data1\" content=\"2\u00a0Minuten\" \/>\n<script type=\"application\/ld+json\" class=\"yoast-schema-graph\">{\"@context\":\"https:\\\/\\\/schema.org\",\"@graph\":[{\"@type\":\"WebPage\",\"@id\":\"https:\\\/\\\/alternativetrack.com\\\/de\\\/ueber-uns\\\/\",\"url\":\"https:\\\/\\\/alternativetrack.com\\\/de\\\/ueber-uns\\\/\",\"name\":\"\u00dcber uns - Alternative Track\",\"isPartOf\":{\"@id\":\"https:\\\/\\\/alternativetrack.com\\\/de\\\/#website\"},\"primaryImageOfPage\":{\"@id\":\"https:\\\/\\\/alternativetrack.com\\\/de\\\/ueber-uns\\\/#primaryimage\"},\"image\":{\"@id\":\"https:\\\/\\\/alternativetrack.com\\\/de\\\/ueber-uns\\\/#primaryimage\"},\"thumbnailUrl\":\"https:\\\/\\\/alternativetrack.com\\\/wp-content\\\/uploads\\\/2025\\\/11\\\/IMG_9989-scaled-e1763009942883-768x882.webp\",\"datePublished\":\"2025-05-31T16:39:36+00:00\",\"dateModified\":\"2025-11-13T05:59:40+00:00\",\"breadcrumb\":{\"@id\":\"https:\\\/\\\/alternativetrack.com\\\/de\\\/ueber-uns\\\/#breadcrumb\"},\"inLanguage\":\"de\",\"potentialAction\":[{\"@type\":\"ReadAction\",\"target\":[\"https:\\\/\\\/alternativetrack.com\\\/de\\\/ueber-uns\\\/\"]}]},{\"@type\":\"ImageObject\",\"inLanguage\":\"de\",\"@id\":\"https:\\\/\\\/alternativetrack.com\\\/de\\\/ueber-uns\\\/#primaryimage\",\"url\":\"https:\\\/\\\/alternativetrack.com\\\/wp-content\\\/uploads\\\/2025\\\/11\\\/IMG_9989-scaled-e1763009942883-768x882.webp\",\"contentUrl\":\"https:\\\/\\\/alternativetrack.com\\\/wp-content\\\/uploads\\\/2025\\\/11\\\/IMG_9989-scaled-e1763009942883-768x882.webp\"},{\"@type\":\"BreadcrumbList\",\"@id\":\"https:\\\/\\\/alternativetrack.com\\\/de\\\/ueber-uns\\\/#breadcrumb\",\"itemListElement\":[{\"@type\":\"ListItem\",\"position\":1,\"name\":\"Home\",\"item\":\"https:\\\/\\\/alternativetrack.com\\\/de\\\/startseite\\\/\"},{\"@type\":\"ListItem\",\"position\":2,\"name\":\"\u00dcber uns\"}]},{\"@type\":\"WebSite\",\"@id\":\"https:\\\/\\\/alternativetrack.com\\\/de\\\/#website\",\"url\":\"https:\\\/\\\/alternativetrack.com\\\/de\\\/\",\"name\":\"Alternative Track\",\"description\":\"\",\"potentialAction\":[{\"@type\":\"SearchAction\",\"target\":{\"@type\":\"EntryPoint\",\"urlTemplate\":\"https:\\\/\\\/alternativetrack.com\\\/de\\\/?s={search_term_string}\"},\"query-input\":{\"@type\":\"PropertyValueSpecification\",\"valueRequired\":true,\"valueName\":\"search_term_string\"}}],\"inLanguage\":\"de\"}]}<\/script>\n<!-- \/ Yoast SEO plugin. -->","yoast_head_json":{"title":"\u00dcber uns - Alternative Track","robots":{"index":"index","follow":"follow","max-snippet":"max-snippet:-1","max-image-preview":"max-image-preview:large","max-video-preview":"max-video-preview:-1"},"canonical":"https:\/\/alternativetrack.com\/de\/ueber-uns\/","og_locale":"de_DE","og_type":"article","og_title":"\u00dcber uns - Alternative Track","og_description":"WIR VERSTEHEN ES. WIR HABEN ES ERLEBT. UNSER ANSATZ PRAXISNAH Bei Alternative Track verstehen wir die Frustrationen, die mit \u00fcberentwickelten Systemen, starren Lieferanten und L\u00f6sungen einhergehen, die unter realen Bedingungen nicht den Erwartungen entsprechen. Wir haben sie ebenfalls erlebt \u2013 und wir haben uns vorgenommen, etwas Besseres anzubieten. Wir sind erfahrene Ingenieure und Produktexperten, die [&hellip;]","og_url":"https:\/\/alternativetrack.com\/de\/ueber-uns\/","og_site_name":"Alternative Track","article_modified_time":"2025-11-13T05:59:40+00:00","og_image":[{"url":"https:\/\/alternativetrack.com\/wp-content\/uploads\/2025\/11\/IMG_9989-scaled-e1763009942883-768x882.webp","type":"","width":"","height":""}],"twitter_card":"summary_large_image","twitter_misc":{"Gesch\u00e4tzte Lesezeit":"2\u00a0Minuten"},"schema":{"@context":"https:\/\/schema.org","@graph":[{"@type":"WebPage","@id":"https:\/\/alternativetrack.com\/de\/ueber-uns\/","url":"https:\/\/alternativetrack.com\/de\/ueber-uns\/","name":"\u00dcber uns - Alternative Track","isPartOf":{"@id":"https:\/\/alternativetrack.com\/de\/#website"},"primaryImageOfPage":{"@id":"https:\/\/alternativetrack.com\/de\/ueber-uns\/#primaryimage"},"image":{"@id":"https:\/\/alternativetrack.com\/de\/ueber-uns\/#primaryimage"},"thumbnailUrl":"https:\/\/alternativetrack.com\/wp-content\/uploads\/2025\/11\/IMG_9989-scaled-e1763009942883-768x882.webp","datePublished":"2025-05-31T16:39:36+00:00","dateModified":"2025-11-13T05:59:40+00:00","breadcrumb":{"@id":"https:\/\/alternativetrack.com\/de\/ueber-uns\/#breadcrumb"},"inLanguage":"de","potentialAction":[{"@type":"ReadAction","target":["https:\/\/alternativetrack.com\/de\/ueber-uns\/"]}]},{"@type":"ImageObject","inLanguage":"de","@id":"https:\/\/alternativetrack.com\/de\/ueber-uns\/#primaryimage","url":"https:\/\/alternativetrack.com\/wp-content\/uploads\/2025\/11\/IMG_9989-scaled-e1763009942883-768x882.webp","contentUrl":"https:\/\/alternativetrack.com\/wp-content\/uploads\/2025\/11\/IMG_9989-scaled-e1763009942883-768x882.webp"},{"@type":"BreadcrumbList","@id":"https:\/\/alternativetrack.com\/de\/ueber-uns\/#breadcrumb","itemListElement":[{"@type":"ListItem","position":1,"name":"Home","item":"https:\/\/alternativetrack.com\/de\/startseite\/"},{"@type":"ListItem","position":2,"name":"\u00dcber uns"}]},{"@type":"WebSite","@id":"https:\/\/alternativetrack.com\/de\/#website","url":"https:\/\/alternativetrack.com\/de\/","name":"Alternative Track","description":"","potentialAction":[{"@type":"SearchAction","target":{"@type":"EntryPoint","urlTemplate":"https:\/\/alternativetrack.com\/de\/?s={search_term_string}"},"query-input":{"@type":"PropertyValueSpecification","valueRequired":true,"valueName":"search_term_string"}}],"inLanguage":"de"}]}},"jetpack_sharing_enabled":true,"_links":{"self":[{"href":"https:\/\/alternativetrack.com\/de\/wp-json\/wp\/v2\/pages\/2214","targetHints":{"allow":["GET"]}}],"collection":[{"href":"https:\/\/alternativetrack.com\/de\/wp-json\/wp\/v2\/pages"}],"about":[{"href":"https:\/\/alternativetrack.com\/de\/wp-json\/wp\/v2\/types\/page"}],"author":[{"embeddable":true,"href":"https:\/\/alternativetrack.com\/de\/wp-json\/wp\/v2\/users\/1"}],"replies":[{"embeddable":true,"href":"https:\/\/alternativetrack.com\/de\/wp-json\/wp\/v2\/comments?post=2214"}],"version-history":[{"count":9,"href":"https:\/\/alternativetrack.com\/de\/wp-json\/wp\/v2\/pages\/2214\/revisions"}],"predecessor-version":[{"id":3024,"href":"https:\/\/alternativetrack.com\/de\/wp-json\/wp\/v2\/pages\/2214\/revisions\/3024"}],"wp:attachment":[{"href":"https:\/\/alternativetrack.com\/de\/wp-json\/wp\/v2\/media?parent=2214"}],"curies":[{"name":"wp","href":"https:\/\/api.w.org\/{rel}","templated":true}]}}